{"id":825,"date":"2020-07-23T15:16:01","date_gmt":"2020-07-23T18:16:01","guid":{"rendered":"https:\/\/cienciapolitica.ufpr.br\/decp\/?page_id=825"},"modified":"2020-07-23T21:34:25","modified_gmt":"2020-07-24T00:34:25","slug":"discentes","status":"publish","type":"page","link":"https:\/\/cienciapolitica.ufpr.br\/decp\/discentes\/","title":{"rendered":"DISCENTES"},"content":{"rendered":"<div class=\"academia-column academia-column-main academia-column-marginright\">\n<div class=\"post-single\">\n<p><span style=\"color: #000000\"><strong><a style=\"color: #000000\" href=\"http:\/\/www.humanas.ufpr.br\/portal\/cienciassociais\/\">P\u00e1gina<\/a><\/strong>\u00a0do Curso de Ci\u00eancias Sociais.<\/span><\/p>\n<pre><span style=\"color: #000000\">\u00a0<\/span><\/pre>\n<p><span style=\"color: #000000\">Para pesquisar resolu\u00e7\u00e3o e instru\u00e7\u00f5es normativas do CEPE,\u00a0<strong><a style=\"color: #000000\" href=\"http:\/\/www.soc.ufpr.br\/portal\/cepe\/\">clique aqui.<\/a><\/strong><\/span><\/p>\n<p>&nbsp;<\/p>\n<div class=\"cleaner\">\n<h2><span style=\"color: #000000\">Secretaria<\/span><\/h2>\n<h4><span style=\"color: #000000\">decp@ufpr.br<\/span><\/h4>\n<\/div>\n<p>&nbsp;<\/p>\n<\/div>\n<\/div>\n","protected":false},"excerpt":{"rendered":"<p>P\u00e1gina\u00a0do Curso de Ci\u00eancias Sociais. \u00a0 Para pesquisar resolu\u00e7\u00e3o e instru\u00e7\u00f5es normativas do CEPE,\u00a0clique aqui. &nbsp; Secretaria decp@ufpr.br &nbsp;<\/p>\n","protected":false},"author":20,"featured_media":0,"parent":0,"menu_order":0,"comment_status":"closed","ping_status":"closed","template":"","meta":{"footnotes":""},"class_list":["post-825","page","type-page","status-publish","hentry"],"_links":{"self":[{"href":"https:\/\/cienciapolitica.ufpr.br\/decp\/wp-json\/wp\/v2\/pages\/825","targetHints":{"allow":["GET"]}}],"collection":[{"href":"https:\/\/cienciapolitica.ufpr.br\/decp\/wp-json\/wp\/v2\/pages"}],"about":[{"href":"https:\/\/cienciapolitica.ufpr.br\/decp\/wp-json\/wp\/v2\/types\/page"}],"author":[{"embeddable":true,"href":"https:\/\/cienciapolitica.ufpr.br\/decp\/wp-json\/wp\/v2\/users\/20"}],"replies":[{"embeddable":true,"href":"https:\/\/cienciapolitica.ufpr.br\/decp\/wp-json\/wp\/v2\/comments?post=825"}],"version-history":[{"count":9,"href":"https:\/\/cienciapolitica.ufpr.br\/decp\/wp-json\/wp\/v2\/pages\/825\/revisions"}],"predecessor-version":[{"id":842,"href":"https:\/\/cienciapolitica.ufpr.br\/decp\/wp-json\/wp\/v2\/pages\/825\/revisions\/842"}],"wp:attachment":[{"href":"https:\/\/cienciapolitica.ufpr.br\/decp\/wp-json\/wp\/v2\/media?parent=825"}],"curies":[{"name":"wp","href":"https:\/\/api.w.org\/{rel}","templated":true}]}}