{"id":710,"date":"2020-07-22T13:57:56","date_gmt":"2020-07-22T16:57:56","guid":{"rendered":"https:\/\/cienciapolitica.ufpr.br\/decp\/?page_id=710"},"modified":"2020-07-22T14:00:03","modified_gmt":"2020-07-22T17:00:03","slug":"regimentos","status":"publish","type":"page","link":"https:\/\/cienciapolitica.ufpr.br\/decp\/regimentos\/","title":{"rendered":"Regimentos"},"content":{"rendered":"<h3><span style=\"color: #000000\">Regimento do Setor de Ci\u00eancias Humanas:<\/span><\/h3>\n<h4><strong><span style=\"color: #000000\"><a style=\"color: #000000\" href=\"http:\/\/www.soc.ufpr.br\/portal\/wp-content\/uploads\/2019\/09\/coplad-39.19.pdf\">Resolu\u00e7\u00e3o n\u00ba 39\/19-COPLAD<\/a><\/span><\/strong><\/h4>\n","protected":false},"excerpt":{"rendered":"<p>Regimento do Setor de Ci\u00eancias Humanas: Resolu\u00e7\u00e3o n\u00ba 39\/19-COPLAD<\/p>\n","protected":false},"author":20,"featured_media":0,"parent":0,"menu_order":0,"comment_status":"closed","ping_status":"closed","template":"","meta":{"footnotes":""},"class_list":["post-710","page","type-page","status-publish","hentry"],"_links":{"self":[{"href":"https:\/\/cienciapolitica.ufpr.br\/decp\/wp-json\/wp\/v2\/pages\/710","targetHints":{"allow":["GET"]}}],"collection":[{"href":"https:\/\/cienciapolitica.ufpr.br\/decp\/wp-json\/wp\/v2\/pages"}],"about":[{"href":"https:\/\/cienciapolitica.ufpr.br\/decp\/wp-json\/wp\/v2\/types\/page"}],"author":[{"embeddable":true,"href":"https:\/\/cienciapolitica.ufpr.br\/decp\/wp-json\/wp\/v2\/users\/20"}],"replies":[{"embeddable":true,"href":"https:\/\/cienciapolitica.ufpr.br\/decp\/wp-json\/wp\/v2\/comments?post=710"}],"version-history":[{"count":3,"href":"https:\/\/cienciapolitica.ufpr.br\/decp\/wp-json\/wp\/v2\/pages\/710\/revisions"}],"predecessor-version":[{"id":714,"href":"https:\/\/cienciapolitica.ufpr.br\/decp\/wp-json\/wp\/v2\/pages\/710\/revisions\/714"}],"wp:attachment":[{"href":"https:\/\/cienciapolitica.ufpr.br\/decp\/wp-json\/wp\/v2\/media?parent=710"}],"curies":[{"name":"wp","href":"https:\/\/api.w.org\/{rel}","templated":true}]}}