{"id":683,"date":"2020-07-21T16:17:56","date_gmt":"2020-07-21T19:17:56","guid":{"rendered":"https:\/\/cienciapolitica.ufpr.br\/decp\/?page_id=683"},"modified":"2021-04-12T12:27:29","modified_gmt":"2021-04-12T15:27:29","slug":"programa-das-disciplinas","status":"publish","type":"page","link":"https:\/\/cienciapolitica.ufpr.br\/decp\/programa-das-disciplinas\/","title":{"rendered":"Elenco das disciplinas da Ci\u00eancia Pol\u00edtica"},"content":{"rendered":"<p><span style=\"color: #000000\"><a href=\"https:\/\/cienciapolitica.ufpr.br\/decp\/wp-content\/uploads\/sites\/3\/2020\/07\/HCP001.pdf\">HCP001<\/a> Introdu\u00e7\u00e3o \u00e0 Pol\u00edtica<\/span><br \/>\n<span style=\"color: #000000\"><a href=\"https:\/\/cienciapolitica.ufpr.br\/decp\/wp-content\/uploads\/sites\/3\/2020\/07\/HCP002.pdf\">HCP002<\/a> Fundamentos da Teoria Pol\u00edtica<\/span><br \/>\n<span style=\"color: #000000\"><a href=\"https:\/\/cienciapolitica.ufpr.br\/decp\/wp-content\/uploads\/sites\/3\/2020\/07\/HCP003.pdf\">HCP003<\/a> Pol\u00edtica Brasileira<\/span><br \/>\n<span style=\"color: #000000\"><a href=\"https:\/\/cienciapolitica.ufpr.br\/decp\/wp-content\/uploads\/sites\/3\/2020\/07\/HCP004.pdf\">HCP004<\/a> Rela\u00e7\u00f5es Internacionais<\/span><br \/>\n<span style=\"color: #000000\"><a href=\"https:\/\/cienciapolitica.ufpr.br\/decp\/wp-content\/uploads\/sites\/3\/2020\/07\/HCP005.pdf\">HCP005<\/a> M\u00e9todos Quantitativos em Ci\u00eancia Pol\u00edtica<\/span><br \/>\n<span style=\"color: #000000\"><a href=\"https:\/\/cienciapolitica.ufpr.br\/decp\/wp-content\/uploads\/sites\/3\/2020\/07\/HCP006.pdf\">HCP006<\/a> Institui\u00e7\u00f5es Pol\u00edticas<\/span><br \/>\n<span style=\"color: #000000\"><a href=\"https:\/\/cienciapolitica.ufpr.br\/decp\/wp-content\/uploads\/sites\/3\/2020\/07\/HCP007.pdf\">HCP007<\/a> M\u00e9todos Qualitativos em Ci\u00eancia Pol\u00edtica<\/span><br \/>\n<span style=\"color: #000000\"><a href=\"https:\/\/cienciapolitica.ufpr.br\/decp\/wp-content\/uploads\/sites\/3\/2020\/07\/HCP008.pdf\">HCP008<\/a> Comportamento e Cultura Pol\u00edtica<\/span><br \/>\n<span style=\"color: #000000\">HCP009 M\u00e9todos de Pesquisa Cient\u00edfica em Ci\u00eancia Pol\u00edtica<\/span><br \/>\n<span style=\"color: #000000\"><a href=\"https:\/\/cienciapolitica.ufpr.br\/decp\/wp-content\/uploads\/sites\/3\/2020\/07\/HCP010.pdf\">HCP010<\/a> An\u00e1lise de Conjuntura<\/span><br \/>\n<span style=\"color: #000000\"><a href=\"https:\/\/cienciapolitica.ufpr.br\/decp\/wp-content\/uploads\/sites\/3\/2020\/07\/HCP011-1.pdf\">HCP011<\/a> Semin\u00e1rios de Pesquisa (Ci\u00eancia Pol\u00edtica)<\/span><\/p>\n<p><a href=\"https:\/\/cienciapolitica.ufpr.br\/decp\/wp-content\/uploads\/sites\/3\/2020\/07\/HCP012.pdf\">HCP012<\/a> <span style=\"color: #000000\">TCC em Ci\u00eancia Pol\u00edtica<\/span><br \/>\n<span style=\"color: #000000\"><a href=\"https:\/\/cienciapolitica.ufpr.br\/decp\/wp-content\/uploads\/sites\/3\/2020\/07\/HCP013.pdf\">HCP013<\/a> Estado e classes sociais no capitalismo contempor\u00e2neo<\/span><br \/>\n<span style=\"color: #000000\"><a href=\"https:\/\/cienciapolitica.ufpr.br\/decp\/wp-content\/uploads\/sites\/3\/2020\/07\/HCP014.pdf\">HCP014<\/a> Estado e Economia no Capitalismo Contempor\u00e2neo<\/span><br \/>\n<span style=\"color: #000000\"><a href=\"https:\/\/cienciapolitica.ufpr.br\/decp\/wp-content\/uploads\/sites\/3\/2020\/07\/HCP015.pdf\">HCP015<\/a> Regimes Pol\u00edticos Contempor\u00e2neos<\/span><br \/>\n<span style=\"color: #000000\"><a href=\"https:\/\/cienciapolitica.ufpr.br\/decp\/wp-content\/uploads\/sites\/3\/2020\/07\/HCP016.pdf\">HCP016<\/a> Estado e Mercado na Am\u00e9rica Latina<\/span><br \/>\n<span style=\"color: #000000\"><a href=\"https:\/\/cienciapolitica.ufpr.br\/decp\/wp-content\/uploads\/sites\/3\/2020\/07\/HCP017.pdf\">HCP017<\/a> An\u00e1lise de Pol\u00edtica Regional<\/span><br \/>\n<span style=\"color: #000000\"><a href=\"https:\/\/cienciapolitica.ufpr.br\/decp\/wp-content\/uploads\/sites\/3\/2020\/07\/HCP018.pdf\">HCP018<\/a> Distribui\u00e7\u00e3o Espacial do Voto<\/span><br \/>\n<span style=\"color: #000000\"><a href=\"https:\/\/cienciapolitica.ufpr.br\/decp\/wp-content\/uploads\/sites\/3\/2020\/07\/HCP019.pdf\">HCP019<\/a> An\u00e1lises sobre Opini\u00e3o P\u00fablica<\/span><br \/>\n<span style=\"color: #000000\"><a href=\"https:\/\/cienciapolitica.ufpr.br\/decp\/wp-content\/uploads\/sites\/3\/2020\/07\/HCP020.pdf\">HCP020<\/a> Ci\u00eancias Sociais, Hist\u00f3ria e Compara\u00e7\u00e3o<\/span><br \/>\n<span style=\"color: #000000\"><a href=\"https:\/\/cienciapolitica.ufpr.br\/decp\/wp-content\/uploads\/sites\/3\/2020\/07\/HCP021.pdf\">HCP021<\/a> Estado e Direito no Capitalismo<\/span><br \/>\n<span style=\"color: #000000\"><a href=\"https:\/\/cienciapolitica.ufpr.br\/decp\/wp-content\/uploads\/sites\/3\/2020\/07\/HCP022.pdf\">HCP022<\/a> Forma\u00e7\u00e3o do Estado Burgu\u00eas<\/span><br \/>\n<span style=\"color: #000000\"><a href=\"https:\/\/cienciapolitica.ufpr.br\/decp\/wp-content\/uploads\/sites\/3\/2020\/07\/HCP023.pdf\">HCP023<\/a> Institui\u00e7\u00f5es Pol\u00edticas Brasileiras<\/span><br \/>\n<span style=\"color: #000000\"><a href=\"https:\/\/cienciapolitica.ufpr.br\/decp\/wp-content\/uploads\/sites\/3\/2020\/07\/HCP024.pdf\">HCP024<\/a> Teoria Pol\u00edtica Liberal<\/span><br \/>\n<span style=\"color: #000000\"><a href=\"https:\/\/cienciapolitica.ufpr.br\/decp\/wp-content\/uploads\/sites\/3\/2020\/07\/HCP025.pdf\">HCP025<\/a> Pol\u00edtica Brasileira I<\/span><br \/>\n<span style=\"color: #000000\"><a href=\"https:\/\/cienciapolitica.ufpr.br\/decp\/wp-content\/uploads\/sites\/3\/2020\/07\/HCP026.pdf\">HCP026<\/a> Pol\u00edtica Brasileira II<\/span><br \/>\n<span style=\"color: #000000\"><a href=\"https:\/\/cienciapolitica.ufpr.br\/decp\/wp-content\/uploads\/sites\/3\/2020\/07\/HCP027.pdf\">HCP027<\/a> Pol\u00edtica Brasileira III<\/span><br \/>\n<span style=\"color: #000000\"><a href=\"https:\/\/cienciapolitica.ufpr.br\/decp\/wp-content\/uploads\/sites\/3\/2020\/07\/HCP028.pdf\">HCP028<\/a> Pol\u00edtica Brasileira IV<\/span><br \/>\n<span style=\"color: #000000\"><a href=\"https:\/\/cienciapolitica.ufpr.br\/decp\/wp-content\/uploads\/sites\/3\/2020\/07\/HCP029.pdf\">HCP029<\/a> Pol\u00edtica Brasileira V<\/span><br \/>\n<span style=\"color: #000000\"><a href=\"https:\/\/cienciapolitica.ufpr.br\/decp\/wp-content\/uploads\/sites\/3\/2020\/07\/HCP030.pdf\">HCP030<\/a> Pol\u00edtica Internacional<\/span><br \/>\n<span style=\"color: #000000\"><a href=\"https:\/\/cienciapolitica.ufpr.br\/decp\/wp-content\/uploads\/sites\/3\/2020\/07\/HCP031.pdf\">HCP031<\/a> Teoria das Rela\u00e7\u00f5es Internacionais<\/span><br \/>\n<span style=\"color: #000000\"><a href=\"https:\/\/cienciapolitica.ufpr.br\/decp\/wp-content\/uploads\/sites\/3\/2020\/07\/HCP032.pdf\">HCP032<\/a> Pol\u00edtica Externa Brasileira<\/span><br \/>\n<span style=\"color: #000000\"><a href=\"https:\/\/cienciapolitica.ufpr.br\/decp\/wp-content\/uploads\/sites\/3\/2020\/07\/HCP033.pdf\">HCP033<\/a> Integra\u00e7\u00e3o Regional<\/span><br \/>\n<span style=\"color: #000000\"><a href=\"https:\/\/cienciapolitica.ufpr.br\/decp\/wp-content\/uploads\/sites\/3\/2020\/07\/HCP034.pdf\">HCP034<\/a> Organiza\u00e7\u00f5es internacionais<\/span><br \/>\n<span style=\"color: #000000\"><a href=\"https:\/\/cienciapolitica.ufpr.br\/decp\/wp-content\/uploads\/sites\/3\/2020\/07\/HCP035.pdf\">HCP035<\/a> Pol\u00edticas Governamentais Comparadas<\/span><br \/>\n<span style=\"color: #000000\"><a href=\"https:\/\/cienciapolitica.ufpr.br\/decp\/wp-content\/uploads\/sites\/3\/2020\/07\/HCP036.pdf\">HCP036<\/a> Pol\u00edtica Comparada<\/span><br \/>\n<span style=\"color: #000000\"><a href=\"https:\/\/cienciapolitica.ufpr.br\/decp\/wp-content\/uploads\/sites\/3\/2020\/07\/HCP037.pdf\">HCP037<\/a> Ideologias pol\u00edticas brasileiras<\/span><br \/>\n<span style=\"color: #000000\"><a href=\"https:\/\/cienciapolitica.ufpr.br\/decp\/wp-content\/uploads\/sites\/3\/2020\/07\/HCP038.pdf\">HCP038<\/a> Teoria Pol\u00edtica Contempor\u00e2nea<\/span><br \/>\n<span style=\"color: #000000\"><a href=\"https:\/\/cienciapolitica.ufpr.br\/decp\/wp-content\/uploads\/sites\/3\/2020\/07\/HCP039.pdf\">HCP039<\/a> Teoria Contempor\u00e2nea da Democracia<\/span><br \/>\n<span style=\"color: #000000\"><a href=\"https:\/\/cienciapolitica.ufpr.br\/decp\/wp-content\/uploads\/sites\/3\/2020\/07\/HCP040.pdf\">HCP040<\/a> Teoria da Ideologia<\/span><br \/>\n<span style=\"color: #000000\"><a href=\"https:\/\/cienciapolitica.ufpr.br\/decp\/wp-content\/uploads\/sites\/3\/2020\/07\/HCP041.pdf\">HCP041<\/a> Teoria da organiza\u00e7\u00e3o sindical<\/span><br \/>\n<span style=\"color: #000000\"><a href=\"https:\/\/cienciapolitica.ufpr.br\/decp\/wp-content\/uploads\/sites\/3\/2020\/07\/HCP042.pdf\">HCP042<\/a> Teoria das Elites e da Classe Pol\u00edtica<\/span><br \/>\n<span style=\"color: #000000\"><a href=\"https:\/\/cienciapolitica.ufpr.br\/decp\/wp-content\/uploads\/sites\/3\/2020\/07\/HCP043.pdf\">HCP043<\/a> Teoria Pol\u00edtica Marxista<\/span><br \/>\n<span style=\"color: #000000\"><a href=\"https:\/\/cienciapolitica.ufpr.br\/decp\/wp-content\/uploads\/sites\/3\/2020\/07\/HCP044.pdf\">HCP044<\/a> Teoria Sist\u00eamica da Pol\u00edtica<\/span><br \/>\n<span style=\"color: #000000\"><a href=\"https:\/\/cienciapolitica.ufpr.br\/decp\/wp-content\/uploads\/sites\/3\/2020\/07\/HCP045.pdf\">HCP045<\/a> Teoria da Escolha Racional<\/span><br \/>\n<span style=\"color: #000000\"><a href=\"https:\/\/cienciapolitica.ufpr.br\/decp\/wp-content\/uploads\/sites\/3\/2020\/07\/HCP046.pdf\">HCP046<\/a> Realidade socioecon\u00f4mica e pol\u00edtica<\/span><br \/>\n<span style=\"color: #000000\"><a href=\"https:\/\/cienciapolitica.ufpr.br\/decp\/wp-content\/uploads\/sites\/3\/2020\/07\/HCP047.pdf\">HCP047<\/a> An\u00e1lise de processos decis\u00f3rios I<\/span><br \/>\n<span style=\"color: #000000\"><a href=\"https:\/\/cienciapolitica.ufpr.br\/decp\/wp-content\/uploads\/sites\/3\/2020\/07\/HCP048.pdf\">HCP048<\/a> An\u00e1lise de processos decis\u00f3rios II<\/span><br \/>\n<span style=\"color: #000000\"><a href=\"https:\/\/cienciapolitica.ufpr.br\/decp\/wp-content\/uploads\/sites\/3\/2020\/07\/HCP049.pdf\">HCP049<\/a> Representa\u00e7\u00e3o Pol\u00edtica e Novas Tecnologias I<\/span><br \/>\n<span style=\"color: #000000\"><a href=\"https:\/\/cienciapolitica.ufpr.br\/decp\/wp-content\/uploads\/sites\/3\/2020\/07\/HCP050.pdf\">HCP050<\/a> Representa\u00e7\u00e3o Pol\u00edtica e Novas Tecnologias II<\/span><br \/>\n<span style=\"color: #000000\"><a href=\"https:\/\/cienciapolitica.ufpr.br\/decp\/wp-content\/uploads\/sites\/3\/2020\/07\/HCP051.pdf\">HCP051<\/a> M\u00eddia e Democracia<\/span><br \/>\n<span style=\"color: #000000\"><a href=\"https:\/\/cienciapolitica.ufpr.br\/decp\/wp-content\/uploads\/sites\/3\/2020\/07\/HCP052.pdf\">HCP052<\/a> Pol\u00edtica de Comunica\u00e7\u00e3o e das tecnologias de informa\u00e7\u00e3o<\/span><br \/>\n<span style=\"color: #000000\"><a href=\"https:\/\/cienciapolitica.ufpr.br\/decp\/wp-content\/uploads\/sites\/3\/2020\/07\/HCP053.pdf\">HCP053<\/a> T\u00f3picos Especiais em Ci\u00eancia Pol\u00edtica I<\/span><br \/>\n<span style=\"color: #000000\"><a href=\"https:\/\/cienciapolitica.ufpr.br\/decp\/wp-content\/uploads\/sites\/3\/2020\/07\/HCP054.pdf\">HCP054<\/a> T\u00f3picos Especiais em Ci\u00eancia Pol\u00edtica II<\/span><br \/>\n<span style=\"color: #000000\"><a href=\"https:\/\/cienciapolitica.ufpr.br\/decp\/wp-content\/uploads\/sites\/3\/2020\/07\/HCP055.pdf\">HCP055<\/a> T\u00f3picos Especiais em Ci\u00eancia Pol\u00edtica III<\/span><br \/>\n<span style=\"color: #000000\"><a href=\"https:\/\/cienciapolitica.ufpr.br\/decp\/wp-content\/uploads\/sites\/3\/2020\/07\/HCP056.pdf\">HCP056<\/a> T\u00f3picos Especiais em Ci\u00eancia Pol\u00edtica IV<\/span><br \/>\n<span style=\"color: #000000\"><a href=\"https:\/\/cienciapolitica.ufpr.br\/decp\/wp-content\/uploads\/sites\/3\/2020\/07\/HCP057.pdf\">HCP057<\/a> T\u00f3picos Especiais em Ci\u00eancia Pol\u00edtica V<\/span><br \/>\n<span style=\"color: #000000\"><a href=\"https:\/\/cienciapolitica.ufpr.br\/decp\/wp-content\/uploads\/sites\/3\/2020\/07\/HCP058.pdf\">HCP058<\/a> T\u00f3picos Especiais em Ci\u00eancia Pol\u00edtica VI<\/span><br \/>\n<span style=\"color: #000000\"><a href=\"https:\/\/cienciapolitica.ufpr.br\/decp\/wp-content\/uploads\/sites\/3\/2020\/07\/HCP059.pdf\">HCP059<\/a> T\u00f3picos Especiais em Ci\u00eancia Pol\u00edtica VII<\/span><br \/>\n<span style=\"color: #000000\"><a href=\"https:\/\/cienciapolitica.ufpr.br\/decp\/wp-content\/uploads\/sites\/3\/2020\/07\/HCP060.pdf\">HCP060<\/a> T\u00f3picos Especiais em Ci\u00eancia Pol\u00edtica VIII<\/span><br \/>\n<span style=\"color: #000000\"><a href=\"https:\/\/cienciapolitica.ufpr.br\/decp\/wp-content\/uploads\/sites\/3\/2020\/07\/HCP061.pdf\">HCP061<\/a> T\u00f3picos Especiais em Ci\u00eancia Pol\u00edtica IX<\/span><br \/>\n<span style=\"color: #000000\"><a href=\"https:\/\/cienciapolitica.ufpr.br\/decp\/wp-content\/uploads\/sites\/3\/2020\/07\/HCP062.pdf\">HCP062<\/a> T\u00f3picos Especiais em Ci\u00eancia Pol\u00edtica X<\/span><br \/>\n<span style=\"color: #000000\"><a href=\"https:\/\/cienciapolitica.ufpr.br\/decp\/wp-content\/uploads\/sites\/3\/2020\/07\/HCP063-1.pdf\">HCP063<\/a> T\u00f3picos Especiais em Ci\u00eancia Pol\u00edtica XII<\/span><br \/>\n<span style=\"color: #000000\"><a href=\"https:\/\/cienciapolitica.ufpr.br\/decp\/wp-content\/uploads\/sites\/3\/2020\/07\/HCP064-1.pdf\">HCP064<\/a> T\u00f3picos Especiais em Ci\u00eancia Pol\u00edtica XIII<\/span><br \/>\n<span style=\"color: #000000\"><a href=\"https:\/\/cienciapolitica.ufpr.br\/decp\/wp-content\/uploads\/sites\/3\/2020\/07\/HCP065-.pdf\">HCP065<\/a> T\u00f3picos Especiais em Ci\u00eancia Pol\u00edtica XIV<\/span><br \/>\n<span style=\"color: #000000\"><a href=\"https:\/\/cienciapolitica.ufpr.br\/decp\/wp-content\/uploads\/sites\/3\/2020\/07\/HCP066-.pdf\">HCP066<\/a> T\u00f3picos Especiais em Ci\u00eancia Pol\u00edtica XV<\/span><br \/>\n<span style=\"color: #000000\"><a href=\"https:\/\/cienciapolitica.ufpr.br\/decp\/wp-content\/uploads\/sites\/3\/2020\/07\/HCP067-.pdf\">HCP067<\/a> T\u00f3picos Especiais em Ci\u00eancia Pol\u00edtica XVI<\/span><br \/>\n<span style=\"color: #000000\"><a href=\"https:\/\/cienciapolitica.ufpr.br\/decp\/wp-content\/uploads\/sites\/3\/2020\/07\/HCP068-.pdf\">HCP068<\/a> T\u00f3picos Especiais em Ci\u00eancia Pol\u00edtica XVII<\/span><br \/>\n<span style=\"color: #000000\"><a href=\"https:\/\/cienciapolitica.ufpr.br\/decp\/wp-content\/uploads\/sites\/3\/2020\/07\/HCP069-1.pdf\">HCP069<\/a> T\u00f3picos Especiais em Ci\u00eancia Pol\u00edtica XVIII<\/span><br \/>\n<span style=\"color: #000000\"><a href=\"https:\/\/cienciapolitica.ufpr.br\/decp\/wp-content\/uploads\/sites\/3\/2020\/07\/HCP070-.pdf\">HCP070<\/a> T\u00f3picos Especiais em Ci\u00eancia Pol\u00edtica XIX<\/span><br \/>\n<span style=\"color: #000000\"><a href=\"https:\/\/cienciapolitica.ufpr.br\/decp\/wp-content\/uploads\/sites\/3\/2020\/07\/HCP071-1.pdf\">HCP071<\/a> T\u00f3picos Especiais em Ci\u00eancia Pol\u00edtica XX<\/span><br \/>\n<span style=\"color: #000000\"><a href=\"https:\/\/cienciapolitica.ufpr.br\/decp\/wp-content\/uploads\/sites\/3\/2020\/07\/HCP072-1.pdf\">HCP072<\/a> T\u00f3picos Especiais em Ci\u00eancia Pol\u00edtica XXI<\/span><br \/>\n<span style=\"color: #000000\"><a href=\"https:\/\/cienciapolitica.ufpr.br\/decp\/wp-content\/uploads\/sites\/3\/2020\/07\/HCP073.pdf\">HCP073<\/a> T\u00f3picos Especiais em Metodologia I<\/span><br \/>\n<span style=\"color: #000000\"><a href=\"https:\/\/cienciapolitica.ufpr.br\/decp\/wp-content\/uploads\/sites\/3\/2020\/07\/HCP074.pdf\">HCP074<\/a> T\u00f3picos Especiais em Metodologia II<\/span><br \/>\n<span style=\"color: #000000\"><a href=\"https:\/\/cienciapolitica.ufpr.br\/decp\/wp-content\/uploads\/sites\/3\/2020\/07\/HCP075.pdf\">HCP075<\/a> T\u00f3picos Especiais em Metodologia III<\/span><br \/>\n<span style=\"color: #000000\"><a href=\"https:\/\/cienciapolitica.ufpr.br\/decp\/wp-content\/uploads\/sites\/3\/2020\/07\/HCP077.pdf\">HCP077<\/a> Sociologia e Sociedade Contempor\u00e2nea<\/span><br \/>\n<span style=\"color: #000000\"><a href=\"https:\/\/cienciapolitica.ufpr.br\/decp\/wp-content\/uploads\/sites\/3\/2020\/07\/HCP078.pdf\">HCP078<\/a> Teoria Democr\u00e1tica<\/span><br \/>\n<span style=\"color: #000000\"><a href=\"https:\/\/cienciapolitica.ufpr.br\/decp\/wp-content\/uploads\/sites\/3\/2020\/07\/HCP079.pdf\">HCP079<\/a> TCC em Ci\u00eancia Pol\u00edtica I<\/span><br \/>\n<span style=\"color: #000000\"><a href=\"https:\/\/cienciapolitica.ufpr.br\/decp\/wp-content\/uploads\/sites\/3\/2020\/07\/HCP080.pdf\">HCP080<\/a> TCC em Ci\u00eancia Pol\u00edtica II<\/span><br \/>\n<span style=\"color: #000000\"><a href=\"https:\/\/cienciapolitica.ufpr.br\/decp\/wp-content\/uploads\/sites\/3\/2020\/07\/HCP081.pdf\">HCP081<\/a> Semin\u00e1rios de Pesquisa em Ci\u00eancia Pol\u00edtica I<\/span><br \/>\n<span style=\"color: #000000\"><a href=\"https:\/\/cienciapolitica.ufpr.br\/decp\/wp-content\/uploads\/sites\/3\/2020\/07\/HCP082.pdf\">HCP082<\/a> Semin\u00e1rios de Pesquisa em Ci\u00eancia Pol\u00edtica II<\/span><br \/>\n<span style=\"color: #000000\"><a href=\"https:\/\/cienciapolitica.ufpr.br\/decp\/wp-content\/uploads\/sites\/3\/2020\/07\/HCP083.pdf\">HCP083<\/a> Semin\u00e1rios de Pesquisa em Ci\u00eancia Pol\u00edtica III<\/span><br \/>\n<span style=\"color: #000000\"><a href=\"https:\/\/cienciapolitica.ufpr.br\/decp\/wp-content\/uploads\/sites\/3\/2020\/07\/HCP084.pdf\">HCP084<\/a> Semin\u00e1rios de Pesquisa em Ci\u00eancia Pol\u00edtica IV<\/span><br \/>\n<span style=\"color: #000000\"><a href=\"https:\/\/cienciapolitica.ufpr.br\/decp\/wp-content\/uploads\/sites\/3\/2020\/07\/HCP085.pdf\">HCP085<\/a> Semin\u00e1rios de Pesquisa em Ci\u00eancia Pol\u00edtica V<\/span><br \/>\n<span style=\"color: #000000\"><a href=\"https:\/\/cienciapolitica.ufpr.br\/decp\/wp-content\/uploads\/sites\/3\/2020\/07\/HCP086.pdf\">HCP086<\/a> Semin\u00e1rios de Pesquisa em Ci\u00eancia Pol\u00edtica VI<\/span><br \/>\n<span style=\"color: #000000\"><a href=\"https:\/\/cienciapolitica.ufpr.br\/decp\/wp-content\/uploads\/sites\/3\/2020\/07\/HCP087.pdf\">HCP087<\/a> Semin\u00e1rios de Pesquisa em Ci\u00eancia Pol\u00edtica VII<\/span><br \/>\n<span style=\"color: #000000\"><a href=\"https:\/\/cienciapolitica.ufpr.br\/decp\/wp-content\/uploads\/sites\/3\/2020\/07\/HCP088.pdf\">HCP088<\/a> Semin\u00e1rios de Pesquisa em Ci\u00eancia Pol\u00edtica VIII<\/span><br \/>\n<span style=\"color: #000000\"><a href=\"https:\/\/cienciapolitica.ufpr.br\/decp\/wp-content\/uploads\/sites\/3\/2020\/07\/HCP089.pdf\">HCP089<\/a> Inicia\u00e7\u00e3o \u00e0 Extens\u00e3o em Ci\u00eancia Pol\u00edtica<\/span><br \/>\n<span style=\"color: #000000\"><a href=\"https:\/\/cienciapolitica.ufpr.br\/decp\/wp-content\/uploads\/sites\/3\/2020\/07\/HCP090.pdf\">HCP090<\/a> Atividades Curriculares de Extens\u00e3o em Ci\u00eancia Pol\u00edtica I<\/span><br \/>\n<span style=\"color: #000000\"><a href=\"https:\/\/cienciapolitica.ufpr.br\/decp\/wp-content\/uploads\/sites\/3\/2020\/07\/HCP091.pdf\">HCP091<\/a> Atividades Curriculares de Extens\u00e3o em Ci\u00eancia Pol\u00edtica II<\/span><br \/>\n<span style=\"color: #000000\"><a href=\"https:\/\/cienciapolitica.ufpr.br\/decp\/wp-content\/uploads\/sites\/3\/2020\/07\/HCP092.pdf\">HCP092<\/a> Atividades Curriculares de Extens\u00e3o em Ci\u00eancia Pol\u00edtica III<\/span><br \/>\n<span style=\"color: #000000\"><a href=\"https:\/\/cienciapolitica.ufpr.br\/decp\/wp-content\/uploads\/sites\/3\/2020\/07\/HCP093.pdf\">HCP093<\/a> M\u00e9todos de Pesquisa em Ci\u00eancia Pol\u00edtica<\/span><\/p>\n","protected":false},"excerpt":{"rendered":"<p>HCP001 Introdu\u00e7\u00e3o \u00e0 Pol\u00edtica HCP002 Fundamentos da Teoria Pol\u00edtica HCP003 Pol\u00edtica Brasileira HCP004 Rela\u00e7\u00f5es Internacionais HCP005 M\u00e9todos Quantitativos em Ci\u00eancia Pol\u00edtica HCP006 Institui\u00e7\u00f5es Pol\u00edticas HCP007 M\u00e9todos Qualitativos em Ci\u00eancia Pol\u00edtica HCP008 Comportamento e Cultura Pol\u00edtica [&hellip;]<\/p>\n","protected":false},"author":20,"featured_media":0,"parent":0,"menu_order":0,"comment_status":"closed","ping_status":"closed","template":"","meta":{"footnotes":""},"class_list":["post-683","page","type-page","status-publish","hentry"],"_links":{"self":[{"href":"https:\/\/cienciapolitica.ufpr.br\/decp\/wp-json\/wp\/v2\/pages\/683","targetHints":{"allow":["GET"]}}],"collection":[{"href":"https:\/\/cienciapolitica.ufpr.br\/decp\/wp-json\/wp\/v2\/pages"}],"about":[{"href":"https:\/\/cienciapolitica.ufpr.br\/decp\/wp-json\/wp\/v2\/types\/page"}],"author":[{"embeddable":true,"href":"https:\/\/cienciapolitica.ufpr.br\/decp\/wp-json\/wp\/v2\/users\/20"}],"replies":[{"embeddable":true,"href":"https:\/\/cienciapolitica.ufpr.br\/decp\/wp-json\/wp\/v2\/comments?post=683"}],"version-history":[{"count":16,"href":"https:\/\/cienciapolitica.ufpr.br\/decp\/wp-json\/wp\/v2\/pages\/683\/revisions"}],"predecessor-version":[{"id":1071,"href":"https:\/\/cienciapolitica.ufpr.br\/decp\/wp-json\/wp\/v2\/pages\/683\/revisions\/1071"}],"wp:attachment":[{"href":"https:\/\/cienciapolitica.ufpr.br\/decp\/wp-json\/wp\/v2\/media?parent=683"}],"curies":[{"name":"wp","href":"https:\/\/api.w.org\/{rel}","templated":true}]}}