{"id":681,"date":"2020-07-21T16:17:56","date_gmt":"2020-07-21T19:17:56","guid":{"rendered":"https:\/\/cienciapolitica.ufpr.br\/decp\/?page_id=681"},"modified":"2023-08-02T12:08:10","modified_gmt":"2023-08-02T15:08:10","slug":"documentos-uteis-2","status":"publish","type":"page","link":"https:\/\/cienciapolitica.ufpr.br\/decp\/documentos-uteis-2\/","title":{"rendered":"Utilidades para discentes"},"content":{"rendered":"<h3><span style=\"color: #000000\"><strong>CONTE\u00daDO PROGRAM\u00c1TICO (FICHAS II) \u2013 DISCIPLINAS DE C\u00d3DIGO HCP<\/strong><\/span><\/h3>\n<p><span style=\"color: #000000\">Encaminhar o\u00a0<strong>hist\u00f3rico escolar<\/strong>\u00a0para o e-mail\u00a0<strong>decp@ufpr.br<\/strong> informando o nome e\/ou c\u00f3digo das disciplinas das quais necessita as ementas (ficha II).<\/span><\/p>\n<p><span style=\"color: #000000\">Para solicitar o hist\u00f3rico escolar, os alunos formados dever\u00e3o entrar em contato com a PROGRAD.<\/span><\/p>\n<p><span style=\"color: #000000\">atendimento@ufpr.br ou whatsapp (41) 3310-2674<\/span><\/p>\n<p><span style=\"color: #000000\">http:\/\/www.prograd.ufpr.br\/portal\/contato\/<\/span><\/p>\n<h3><span style=\"color: #000000\">Trabalho de Conclus\u00e3o de Curso da Ci\u00eancia Pol\u00edtica<\/span><\/h3>\n<p><span style=\"color: #000000\">O Trabalho de Conclus\u00e3o de Curso da Ci\u00eancia Pol\u00edtica apresenta duas modalidades: TCC monogr\u00e1fico e TCC t\u00e9cnico. Em ambos os casos haver\u00e1 constitui\u00e7\u00e3o de banca examinadora, t\u00edtulo do trabalho, ficha catalogr\u00e1fica e data de apresenta\u00e7\u00e3o.<\/span><br \/>\n<span style=\"color: #000000\"> O TCC t\u00e9cnico \u00e9 regulamentado pela Resolu\u00e7\u00e3o 46\/2010 \u2013 CEPE e Instru\u00e7\u00e3o Normativa 01\/12 \u2013 CEPE.<\/span><\/p>\n<p><span style=\"color: #000000\">***<strong><a style=\"color: #000000\" href=\"http:\/\/www.humanas.ufpr.br\/portal\/cienciassociais\/files\/2011\/04\/REGULAMENTO-TCC-CI%C3%8ANCIA-POL%C3%8DTICA.pdf\">Regulamenta\u00e7\u00e3o do TCC da Ci\u00eancia Pol\u00edtica<\/a><\/strong><\/span><\/p>\n<h3><span style=\"color: #000000\">SIGA:<\/span><\/h3>\n<p><strong><span style=\"color: #000000\"><a style=\"color: #000000\" href=\"https:\/\/www.prppg.ufpr.br\/siga\/login\">Acesso.<\/a><\/span><\/strong><\/p>\n<p><strong><span style=\"color: #000000\"><a style=\"color: #000000\" href=\"https:\/\/ufpraberta.ufpr.br\/course\/view.php?id=9\">Conhe\u00e7a o SIGA<\/a><\/span><\/strong><\/p>\n<h3><span style=\"color: #000000\"><strong>Links \u00fateis:<\/strong><\/span><\/h3>\n<p><span style=\"color: #000000\"><strong><a style=\"color: #000000\" href=\"http:\/\/www.prograd.ufpr.br\/portal\/wp-content\/uploads\/2023\/03\/Manual-para-Estudantes-da-UFPR-2023-final2.pdf\">Manual do estudante 2023<\/a><\/strong><\/span><\/p>\n<p><span style=\"color: #000000\"><strong><a style=\"color: #000000\" href=\"http:\/\/www.prograd.ufpr.br\/portal\/wp-content\/uploads\/2022\/11\/6222-15-Semanas.pdf\">Calend\u00e1rio Acad\u00eamico 2023<\/a><\/strong><\/span><\/p>\n<p><span style=\"color: #000000\"><strong><a style=\"color: #000000\" href=\"http:\/\/www.prograd.ufpr.br\/portal\/copap\/faq-perguntas-frequentes\/\">Perguntas Frequentes<\/a><\/strong><\/span><\/p>\n","protected":false},"excerpt":{"rendered":"<p>CONTE\u00daDO PROGRAM\u00c1TICO (FICHAS II) \u2013 DISCIPLINAS DE C\u00d3DIGO HCP Encaminhar o\u00a0hist\u00f3rico escolar\u00a0para o e-mail\u00a0decp@ufpr.br informando o nome e\/ou c\u00f3digo das disciplinas das quais necessita as ementas (ficha II). Para solicitar o hist\u00f3rico escolar, os alunos [&hellip;]<\/p>\n","protected":false},"author":20,"featured_media":0,"parent":0,"menu_order":0,"comment_status":"closed","ping_status":"closed","template":"","meta":{"footnotes":""},"class_list":["post-681","page","type-page","status-publish","hentry"],"_links":{"self":[{"href":"https:\/\/cienciapolitica.ufpr.br\/decp\/wp-json\/wp\/v2\/pages\/681","targetHints":{"allow":["GET"]}}],"collection":[{"href":"https:\/\/cienciapolitica.ufpr.br\/decp\/wp-json\/wp\/v2\/pages"}],"about":[{"href":"https:\/\/cienciapolitica.ufpr.br\/decp\/wp-json\/wp\/v2\/types\/page"}],"author":[{"embeddable":true,"href":"https:\/\/cienciapolitica.ufpr.br\/decp\/wp-json\/wp\/v2\/users\/20"}],"replies":[{"embeddable":true,"href":"https:\/\/cienciapolitica.ufpr.br\/decp\/wp-json\/wp\/v2\/comments?post=681"}],"version-history":[{"count":10,"href":"https:\/\/cienciapolitica.ufpr.br\/decp\/wp-json\/wp\/v2\/pages\/681\/revisions"}],"predecessor-version":[{"id":1343,"href":"https:\/\/cienciapolitica.ufpr.br\/decp\/wp-json\/wp\/v2\/pages\/681\/revisions\/1343"}],"wp:attachment":[{"href":"https:\/\/cienciapolitica.ufpr.br\/decp\/wp-json\/wp\/v2\/media?parent=681"}],"curies":[{"name":"wp","href":"https:\/\/api.w.org\/{rel}","templated":true}]}}