{"id":61,"date":"2017-02-14T01:34:41","date_gmt":"2017-02-14T03:34:41","guid":{"rendered":"https:\/\/cienciapolitica.ufpr.br\/decp\/?page_id=61"},"modified":"2025-10-22T17:49:28","modified_gmt":"2025-10-22T20:49:28","slug":"empresa-junior","status":"publish","type":"page","link":"https:\/\/cienciapolitica.ufpr.br\/decp\/empresa-junior\/","title":{"rendered":"Empresa J\u00fanior"},"content":{"rendered":"<p><span style=\"color: #000000\"><img decoding=\"async\" class=\"size-thumbnail wp-image-978 aligncenter\" src=\"https:\/\/cienciapolitica.ufpr.br\/decp\/wp-content\/uploads\/sites\/3\/2017\/02\/Logo-Polis-150x150.png\" alt=\"\" width=\"150\" height=\"150\" \/><\/span><\/p>\n<p><span style=\"color: #000000\"><strong>A <a style=\"color: #000000\" href=\"https:\/\/www.facebook.com\/polisufpr\/\" target=\"_blank\" rel=\"noopener noreferrer\">P\u00f3lis <\/a>\u00e9 a Empresa Junior de Consultoria Pol\u00edtica<\/strong> do curso de Ci\u00eancias Sociais da Universidade Federal do Paran\u00e1, fundada em 8 de dezembro de 2014, por alunos da gradua\u00e7\u00e3o. Tem por objetivo qualificar os alunos para o mercado de trabalho, aplicando os conhecimentos te\u00f3ricos adquiridos ao longo do curso. Ademais, a P\u00f3lis contribui para fomentar a expans\u00e3o das oportunidades e atividades das Ci\u00eancias Sociais.<\/span><\/p>\n<ul>\n<li><span style=\"color: #000000\"><strong>O que \u00e9 uma Empresa J\u00fanior?<\/strong><\/span><\/li>\n<\/ul>\n<p><span style=\"color: #000000\">As Empresas Juniores s\u00e3o associa\u00e7\u00f5es civis, sem fins lucrativos, constitu\u00eddas e geridas exclusivamente por alunos de gradua\u00e7\u00e3o que desenvolvem, sob a orienta\u00e7\u00e3o de professores e profissionais especializados, projetos para empresas, entidades e sociedade em geral, nas suas \u00e1reas de atua\u00e7\u00e3o.<\/span><\/p>\n<p><span style=\"color: #000000\"><strong>\u00a0<\/strong><\/span><\/p>\n<ul>\n<li><span style=\"color: #000000\"><strong>Quais os objetivos de uma Empresa J\u00fanior? <\/strong><\/span><\/li>\n<\/ul>\n<p><span style=\"color: #000000\">&#8211; Proporcionar ao estudante a aplica\u00e7\u00e3o pr\u00e1tica dos conhecimentos te\u00f3ricos adquiridos em sua \u00e1rea de forma\u00e7\u00e3o profissional;<\/span><\/p>\n<p><span style=\"color: #000000\">&#8211; Complementar a forma\u00e7\u00e3o acad\u00eamica do empres\u00e1rio j\u00fanior, uma vez que o principal objetivo da empresa \u00e9 o aprendizado e o desenvolvimento de futuros empreendedores com responsabilidade social;<\/span><\/p>\n<p><span style=\"color: #000000\">&#8211; Facilitar o ingresso de futuros profissionais no mercado, colocando-os em contato direto com o seu mercado de trabalho;<\/span><\/p>\n<p><span style=\"color: #000000\">&#8211; Contribuir com a sociedade, atrav\u00e9s do desenvolvimento de projetos, proporcionando ao micro, pequeno e m\u00e9dio empres\u00e1rio e outras organiza\u00e7\u00f5es, um trabalho de qualidade com pre\u00e7os acess\u00edveis.<\/span><\/p>\n<ul>\n<li><span style=\"color: #000000\"><strong>O que \u00e9 Consultoria Pol\u00edtica?<\/strong><\/span><\/li>\n<\/ul>\n<p><span style=\"color: #000000\">A consultoria pol\u00edtica realiza o monitoramento das esferas do poder e fornece aos seus clientes informa\u00e7\u00f5es e an\u00e1lises sobre os acontecimentos pol\u00edticos.<\/span><\/p>\n<ul>\n<li><span style=\"color: #000000\"><strong>Quais s\u00e3o os produtos oferecidos pela P\u00f3lis?<\/strong><\/span><\/li>\n<\/ul>\n<p><span style=\"color: #000000\">Atualmente, a P\u00f3lis oferece os seguintes servi\u00e7os:<\/span><\/p>\n<blockquote><p><span style=\"color: #000000\">Agenda Legislativa: Trata-se de uma an\u00e1lise que busca descrever e analisar as proposi\u00e7\u00f5es legislativas em tramita\u00e7\u00e3o relacionadas aos interesses do cliente. Al\u00e9m de uma explica\u00e7\u00e3o detalhada da mat\u00e9ria da proposi\u00e7\u00e3o legislativa e de informa\u00e7\u00f5es sobre a tramita\u00e7\u00e3o e os pareceres das Comiss\u00f5es Parlamentares, a Agenda Legislativa fornece uma an\u00e1lise dos Parlamentares envolvidos com as proposi\u00e7\u00f5es e indicativos de posicionamentos adequados para o cliente;<\/span><br \/>\n<span style=\"color: #000000\">&gt; Pesquisa de Opini\u00e3o Parlamentar: Um servi\u00e7o voltado para aqueles que buscam conhecer a opini\u00e3o dos parlamentares com o intuito de proporcionar a\u00e7\u00f5es estrat\u00e9gicas para os clientes;<\/span><br \/>\n<span style=\"color: #000000\">&gt; Pesquisa de Opini\u00e3o P\u00fablica: Busca conhecer o posicionamento de um determinado grupo social. A pesquisa pode ser realizada com a popula\u00e7\u00e3o de uma cidade inteira, membros de uma organiza\u00e7\u00e3o ou de acordo com os interesses do cliente;<\/span><br \/>\n<span style=\"color: #000000\">&gt; Al\u00e9m de cursos e capacita\u00e7\u00f5es.<\/span><\/p><\/blockquote>\n<p>&nbsp;<\/p>\n<p>PROFESSOR RESPONS\u00c1VEL: ADRIANO NERVO CODATO<\/p>\n<p>VICE: GRAZIELLA GUIOTTI TESTA<\/p>\n<p>&nbsp;<\/p>\n<p><strong><span style=\"color: #000000\">Contato:<\/span><\/strong><\/p>\n<p><span style=\"color: #000000\"><strong>polisempresajr@gmail.com<\/strong> <\/span><br \/>\n<span style=\"color: #000000\">Endere\u00e7o:\u00a0 Rua General Carneiro, 460, Ed. Dom Pedro I \u2013 9\u00b0 andar, sala 901, Centro, Curitiba &#8211; PR, CEP: 80.060-150.<\/span><\/p>\n<p><span style=\"color: #000000\">Acesse a nossa p\u00e1gina no <strong><a style=\"color: #000000\" href=\"https:\/\/www.facebook.com\/polisufpr\/\">Facebook<\/a><\/strong><\/span><\/p>\n","protected":false},"excerpt":{"rendered":"<p>A P\u00f3lis \u00e9 a Empresa Junior de Consultoria Pol\u00edtica do curso de Ci\u00eancias Sociais da Universidade Federal do Paran\u00e1, fundada em 8 de dezembro de 2014, por alunos da gradua\u00e7\u00e3o. Tem por objetivo qualificar os [&hellip;]<\/p>\n","protected":false},"author":3,"featured_media":0,"parent":0,"menu_order":0,"comment_status":"closed","ping_status":"closed","template":"","meta":{"footnotes":""},"class_list":["post-61","page","type-page","status-publish","hentry"],"_links":{"self":[{"href":"https:\/\/cienciapolitica.ufpr.br\/decp\/wp-json\/wp\/v2\/pages\/61","targetHints":{"allow":["GET"]}}],"collection":[{"href":"https:\/\/cienciapolitica.ufpr.br\/decp\/wp-json\/wp\/v2\/pages"}],"about":[{"href":"https:\/\/cienciapolitica.ufpr.br\/decp\/wp-json\/wp\/v2\/types\/page"}],"author":[{"embeddable":true,"href":"https:\/\/cienciapolitica.ufpr.br\/decp\/wp-json\/wp\/v2\/users\/3"}],"replies":[{"embeddable":true,"href":"https:\/\/cienciapolitica.ufpr.br\/decp\/wp-json\/wp\/v2\/comments?post=61"}],"version-history":[{"count":5,"href":"https:\/\/cienciapolitica.ufpr.br\/decp\/wp-json\/wp\/v2\/pages\/61\/revisions"}],"predecessor-version":[{"id":1817,"href":"https:\/\/cienciapolitica.ufpr.br\/decp\/wp-json\/wp\/v2\/pages\/61\/revisions\/1817"}],"wp:attachment":[{"href":"https:\/\/cienciapolitica.ufpr.br\/decp\/wp-json\/wp\/v2\/media?parent=61"}],"curies":[{"name":"wp","href":"https:\/\/api.w.org\/{rel}","templated":true}]}}