{"id":50,"date":"2017-02-14T01:31:48","date_gmt":"2017-02-14T03:31:48","guid":{"rendered":"https:\/\/cienciapolitica.ufpr.br\/decp\/?page_id=50"},"modified":"2023-08-02T11:55:39","modified_gmt":"2023-08-02T14:55:39","slug":"documentos-uteis","status":"publish","type":"page","link":"https:\/\/cienciapolitica.ufpr.br\/decp\/documentos-uteis\/","title":{"rendered":"Informa\u00e7\u00f5es sobre o curso"},"content":{"rendered":"<h1><\/h1>\n<p><span style=\"color: #000000\">Como \u00e9 do conhecimento de todos, os alunos do <strong><a style=\"color: #000000\" href=\"http:\/\/www.humanas.ufpr.br\/portal\/cienciassociais\/\">Curso de Ci\u00eancias Sociais<\/a><\/strong> estudam os tr\u00eas primeiros semestres <span style=\"color: #ff6600\">(curr\u00edculo antigo)<\/span> ou os quatros primeiros semestres <span style=\"color: #008000\">(curr\u00edculo novo)<\/span> em um\u00a0<b><strong>N\u00facleo Comum <\/strong><\/b>e, a partir do <span style=\"color: #ff6600\">quarto<\/span>\/<span style=\"color: #008000\">quinto<\/span> per\u00edodo, s\u00e3o direcionados ao curr\u00edculo conforme op\u00e7\u00e3o pessoal.<\/span><\/p>\n<p><span style=\"color: #000000\">Desta forma, no per\u00edodo citado acima, estes alunos dever\u00e3o entregar, na Coordena\u00e7\u00e3o do curso, o formul\u00e1rio preenchido onde far\u00e3o a op\u00e7\u00e3o da \u00e1rea do conhecimento que desejam seguir.\u00a0<\/span><\/p>\n<p><span style=\"color: #000000\">Os alunos dever\u00e3o optar sobre a HABILITA\u00c7\u00c3O: se\u00a0<strong><u>Licenciatura\u00a0<\/u>ou\u00a0<u>Bacharelado<\/u><\/strong>;<\/span><\/p>\n<p><span style=\"color: #000000\">Optando pelo Bacharelado, dever\u00e3o escolher tamb\u00e9m a\u00a0<strong>LINHA DE FORMA\u00c7\u00c3O<\/strong>:<\/span><br \/>\n<span style=\"color: #000000\"><u><a style=\"color: #000000\" href=\"http:\/\/www.humanas.ufpr.br\/portal\/antropologia\/\">Antropologia<\/a><\/u><u> (c\u00f3digo 66D),<br \/>\n<span style=\"color: #0000ff\"><strong>Ci\u00eancia Pol\u00edtica (c\u00f3digo 66F)<\/strong><\/span> ou<br \/>\n<span style=\"color: #000000\"><a style=\"color: #000000\" href=\"http:\/\/www.humanas.ufpr.br\/portal\/deciso\/\">Sociologia<\/a><\/span> (c\u00f3digo 66E).<\/u><\/span><\/p>\n<p><span style=\"color: #000000\">Para mais informa\u00e7\u00f5es acessar <strong><a style=\"color: #000000\" href=\"http:\/\/www.humanas.ufpr.br\/portal\/cienciassociais\/\">aqui<\/a><\/strong>.\u00a0<\/span><\/p>\n<p><span style=\"color: #000000\"><strong>**************************************************<\/strong><\/span><\/p>\n<p><span style=\"color: #000000\"><strong>Para ingressar como aluno:<\/strong><\/span><\/p>\n<p><span style=\"color: #000000\">A Universidade Federal do Paran\u00e1 possui, em sua estrutura organizacional, o\u00a0<a style=\"color: #000000\" title=\"N\u00facleo de Concurso\" href=\"http:\/\/nc.ufpr.br\/\" target=\"_blank\" rel=\"noopener noreferrer\">N\u00facleo de Concursos<\/a>, que faz parte da\u00a0<a style=\"color: #000000\" title=\"Prograd\" href=\"http:\/\/www.prograd.ufpr.br\/\" target=\"_blank\" rel=\"noopener noreferrer\">Pr\u00f3-Reitoria de Gradua\u00e7\u00e3o<\/a>, e \u00e9 respons\u00e1vel por realizar os processos seletivos da UFPR e tamb\u00e9m oferece seus servi\u00e7os para a realiza\u00e7\u00e3o de processos de sele\u00e7\u00e3o para terceiros.\u00a0<\/span><\/p>\n<p><span style=\"color: #000000\">1. O exame Vestibular \u00e9 realizado anualmente pela UFPR para selecionar candidatos a uma vaga nos cursos de gradua\u00e7\u00e3o. Normalmente, as inscri\u00e7\u00f5es ao processo seletivo s\u00e3o abertas em agosto e, as provas, realizadas em dezembro. Mais informa\u00e7\u00f5es em:\u00a0<a style=\"color: #000000\" title=\"site nc\" href=\"http:\/\/www.nc.ufpr.br\/\" target=\"_blank\" rel=\"noopener noreferrer\">www.nc.ufpr.br<br \/>\n<\/a><\/span><br \/>\n<span style=\"color: #000000\">2. O Processo de Ocupa\u00e7\u00e3o de Vagas Remanescentes (Provar) \u00e9 uma sele\u00e7\u00e3o anual da UFPR para preencher as vagas remanescentes a partir do 2\u00ba ano dos cursos. O Provar atende os alunos da pr\u00f3pria UFPR \u2013 com troca de turno e habilita\u00e7\u00e3o; alunos de outras institui\u00e7\u00f5es; e ex-alunos da UFPR que queiram voltar para seus cursos ou mesmo aqueles profissionais que queiram fazer outro curso de gradua\u00e7\u00e3o. Mais informa\u00e7\u00f5es no <strong><a style=\"color: #000000\" href=\"http:\/\/www.prograd.ufpr.br\/portal\/informacoesprovar\/\">site<\/a><\/strong>.<\/span><\/p>\n<p><span style=\"color: #000000\">Fonte:\u00a0<a style=\"color: #000000\" href=\"https:\/\/www.ufpr.br\/portalufpr\/concursos\/\">https:\/\/www.ufpr.br\/portalufpr\/concursos\/<\/a><\/span><\/p>\n<h2><\/h2>\n<h2><span style=\"color: #000000\">Documentos importantes:<\/span><\/h2>\n<pre><\/pre>\n<h4><span style=\"color: #000000\">RESOLU\u00c7\u00d5ES REFORMA CURRICULAR 2020:<\/span><\/h4>\n<p><span style=\"color: #000000\"><a style=\"color: #000000\" href=\"http:\/\/www.humanas.ufpr.br\/portal\/cienciassociais\/files\/2020\/06\/RESOLUCAO-02.2020-CEPE-BACHARELADO.pdf\">RESOLU\u00c7\u00c3O 02\/2020 \u2013 CEPE \u2013 BACHARELADO<\/a><\/span><\/p>\n<p><span style=\"color: #000000\"><a style=\"color: #000000\" href=\"http:\/\/www.humanas.ufpr.br\/portal\/cienciassociais\/files\/2020\/06\/RESOLUCAO-07.2020-CEPE-ELENCO-DISCIPLINAS-DECP.pdf\">RESOLU\u00c7\u00c3O 07\/2020 \u2013 CEPE \u2013 ELENCO DISCIPLINAS DECP<\/a><\/span><\/p>\n<p><span style=\"color: #000000\"><a style=\"color: #000000\" href=\"http:\/\/www.humanas.ufpr.br\/portal\/cienciassociais\/noticias\/resolucoes-reforma-curricular\/\">Outras resolu\u00e7\u00f5es.<\/a><\/span><\/p>\n<pre><\/pre>\n<h4><span style=\"color: #000000\"><a style=\"color: #000000\" href=\"http:\/\/www.humanas.ufpr.br\/portal\/cienciassociais\/estrutura-curricular\/\">Resolu\u00e7\u00f5es e Ajustes Curriculares<\/a>:<\/span><\/h4>\n<p><span style=\"color: #000000\"><a style=\"color: #000000\" href=\"https:\/\/cienciapolitica.ufpr.br\/decp\/wp-content\/uploads\/sites\/3\/2018\/02\/res106_2017.pdf\">***Portaria n. 106\/2017 &#8211; Ajuste Curricular no Curso de\u00a0 Ci\u00eancias Sociais &#8211; Bacharelado, aplic\u00e1vel \u00e0 Resolu\u00e7\u00e3o n. 81\/2010-CEPE\u00a0<\/a><\/span><\/p>\n<p><span style=\"color: #000000\"><a style=\"color: #000000\" href=\"http:\/\/www.humanas.ufpr.br\/portal\/arquivos\/Port%2094.pdf\">***Portaria n. 094\/2012 &#8211; Ajuste Curricular no Curso de Ci\u00eancias Sociais &#8211; Bacharelado<\/a><\/span><\/p>\n<p><span style=\"color: #000000\">***<a style=\"color: #000000\" href=\"http:\/\/www.humanas.ufpr.br\/portal\/cienciassociais\/files\/2011\/04\/Res81-10CEPEBacharelado1.pdf\">RESOLU\u00c7\u00c3O N\u00ba 81\/10-CEPE<\/a><\/span><\/p>\n<p><span style=\"color: #000000\">***<a style=\"color: #000000\" href=\"http:\/\/www.humanas.ufpr.br\/portal\/cienciassociais\/files\/2011\/04\/Portaria-06_2013-corre%C3%A7%C3%A3oportaria-094-20122.pdf\">Portaria 06\/2013 corre\u00e7\u00e3o da \u00a0portaria 094<\/a><\/span><\/p>\n<p><span style=\"color: #000000\">***<a style=\"color: #000000\" href=\"http:\/\/www.humanas.ufpr.br\/portal\/cienciassociais\/files\/2011\/04\/REGULAMENTO-TCC-CI%C3%8ANCIA-POL%C3%8DTICA.pdf\">Regulamenta\u00e7\u00e3o do TCC da Ci\u00eancia Pol\u00edtica<\/a><\/span><\/p>\n<p><span style=\"color: #000000\">O Trabalho de Conclus\u00e3o de Curso da Ci\u00eancia Pol\u00edtica apresenta duas modalidades: TCC monogr\u00e1fico e TCC t\u00e9cnico. Em ambos os casos haver\u00e1 constitui\u00e7\u00e3o de banca examinadora, t\u00edtulo do trabalho e ficha catalogr\u00e1fica.<\/span><\/p>\n<p><span style=\"color: #000000\">O TCC t\u00e9cnico \u00e9 regulamentado pela <strong>Resolu\u00e7\u00e3o 46\/2010 \u2013 CEPE<\/strong> e <strong>Instru\u00e7\u00e3o Normativa 01\/12 \u2013 CEPE<\/strong>.\u00a0<\/span><\/p>\n<p>****************************************************************<\/p>\n<pre><\/pre>\n<p><span style=\"color: #000000\">Para mais, consultar o <strong><a style=\"color: #000000\" href=\"http:\/\/www.humanas.ufpr.br\/portal\/cienciassociais\/projeto-pedagogico\/\" target=\"_blank\" rel=\"noopener noreferrer\">projeto pedag\u00f3gico <\/a><\/strong>do bacharelado em Ci\u00eancias Sociais.<\/span><\/p>\n<pre><\/pre>\n<p><span style=\"color: #000000\"><strong><a style=\"color: #000000\" href=\"http:\/\/www.humanas.ufpr.br\/portal\/cienciassociais\/\">P\u00e1gina<\/a><\/strong> do Curso de Ci\u00eancias Sociais.<\/span><\/p>\n<pre><\/pre>\n<p><span style=\"color: #000000\">Para pesquisar resolu\u00e7\u00e3o e instru\u00e7\u00f5es normativas do CEPE, <strong><a style=\"color: #000000\" href=\"http:\/\/www.soc.ufpr.br\/portal\/cepe\/\">clique aqui.<\/a><\/strong><\/span><\/p>\n","protected":false},"excerpt":{"rendered":"<p>Como \u00e9 do conhecimento de todos, os alunos do Curso de Ci\u00eancias Sociais estudam os tr\u00eas primeiros semestres (curr\u00edculo antigo) ou os quatros primeiros semestres (curr\u00edculo novo) em um\u00a0N\u00facleo Comum e, a partir do quarto\/quinto [&hellip;]<\/p>\n","protected":false},"author":3,"featured_media":0,"parent":0,"menu_order":0,"comment_status":"closed","ping_status":"closed","template":"","meta":{"footnotes":""},"class_list":["post-50","page","type-page","status-publish","hentry"],"_links":{"self":[{"href":"https:\/\/cienciapolitica.ufpr.br\/decp\/wp-json\/wp\/v2\/pages\/50","targetHints":{"allow":["GET"]}}],"collection":[{"href":"https:\/\/cienciapolitica.ufpr.br\/decp\/wp-json\/wp\/v2\/pages"}],"about":[{"href":"https:\/\/cienciapolitica.ufpr.br\/decp\/wp-json\/wp\/v2\/types\/page"}],"author":[{"embeddable":true,"href":"https:\/\/cienciapolitica.ufpr.br\/decp\/wp-json\/wp\/v2\/users\/3"}],"replies":[{"embeddable":true,"href":"https:\/\/cienciapolitica.ufpr.br\/decp\/wp-json\/wp\/v2\/comments?post=50"}],"version-history":[{"count":17,"href":"https:\/\/cienciapolitica.ufpr.br\/decp\/wp-json\/wp\/v2\/pages\/50\/revisions"}],"predecessor-version":[{"id":1336,"href":"https:\/\/cienciapolitica.ufpr.br\/decp\/wp-json\/wp\/v2\/pages\/50\/revisions\/1336"}],"wp:attachment":[{"href":"https:\/\/cienciapolitica.ufpr.br\/decp\/wp-json\/wp\/v2\/media?parent=50"}],"curies":[{"name":"wp","href":"https:\/\/api.w.org\/{rel}","templated":true}]}}