{"id":371,"date":"2018-01-11T14:52:59","date_gmt":"2018-01-11T16:52:59","guid":{"rendered":"https:\/\/cienciapolitica.ufpr.br\/decp\/?page_id=371"},"modified":"2020-07-23T14:21:44","modified_gmt":"2020-07-23T17:21:44","slug":"sergio-soares-braga","status":"publish","type":"page","link":"https:\/\/cienciapolitica.ufpr.br\/decp\/sergio-soares-braga\/","title":{"rendered":"S\u00e9rgio Soares Braga"},"content":{"rendered":"<h1 class=\"western\"><span style=\"color: #000000;font-size: medium\"><span style=\"font-family: arial, sans-serif\"><b>S\u00e9rgio Soares Braga<\/b><\/span><\/span><\/h1>\n<p><span style=\"color: #000000\"><img decoding=\"async\" class=\"alignnone size-full wp-image-106\" src=\"https:\/\/cienciapolitica.ufpr.br\/decp\/wp-content\/uploads\/sites\/3\/2017\/02\/Sergio.jpg\" alt=\"\" width=\"150\" height=\"150\" \/><\/span><br \/>\n<span style=\"color: #000000\"> <span style=\"font-family: arial, sans-serif\"><span style=\"font-size: medium\"><b>E-mail: <\/b><\/span><\/span><span style=\"font-family: arial, sans-serif\"><span style=\"font-size: medium\"><u><a style=\"color: #000000\" href=\"mailto:sssbraga@gmail.com\">sssbraga@gmail.com<\/a><\/u><\/span><\/span><span style=\"font-family: arial, sans-serif\"><span style=\"font-size: medium\"><br \/>\n<\/span><\/span><a style=\"color: #000000\" href=\"http:\/\/buscatextual.cnpq.br\/buscatextual\/visualizacv.do?id=K4728067E6\"><span style=\"font-family: arial, sans-serif\"><span style=\"font-size: medium\">Curr\u00edculo Lattes<\/span><\/span><\/a><span style=\"font-family: arial, sans-serif\"><span style=\"font-size: medium\"><b><br \/>\n<\/b><\/span><\/span><span style=\"font-family: arial, sans-serif\"><span style=\"font-size: medium\"><b>Telefone:\u00a0<\/b><\/span><\/span><span style=\"font-family: arial, sans-serif\"><span style=\"font-size: medium\">(41) 3360-5065<br \/>\n<\/span><\/span><\/span><\/p>\n<p><span style=\"color: #000000;font-size: medium\"><span style=\"font-family: arial, sans-serif\"><strong><b>Doutor em Desenvolvimento Econ\u00f4mico (IE\/Unicamp, 2008)<\/b><\/strong><\/span><\/span><\/p>\n<p lang=\"en-US\" align=\"justify\"><span style=\"color: #000000\">Possui gradua\u00e7\u00e3o em Ci\u00eancias Sociais pela Universidade Estadual de Campinas (1989), mestrado em Ci\u00eancia Pol\u00edtica pela Universidade Estadual de Campinas (1996) e doutorado em Desenvolvimento Econ\u00f4mico pela Universidade Estadual de Campinas (2008). Atualmente \u00e9 professor associado n\u00edvel 3 da Universidade Federal do Paran\u00e1. Tem experi\u00eancia na \u00e1rea de Ci\u00eancia Pol\u00edtica, tendo publicado trabalhos cient\u00edficos nas seguintes \u00e1reas: internet e pol\u00edtica, elites, institui\u00e7\u00f5es e tecnologias digitais, an\u00e1lise de processos decis\u00f3rios e comportamento legislativo. Coordenador de projetos financiado pelo CNPq sobre o uso das tecnologias digitais pelas elites pol\u00edticas brasileiras e seus impactos nos processos de representa\u00e7\u00e3o pol\u00edtica (2009-2013), e dos ST e GT na Anpocs (Ciberpol\u00edtica, ciberativismo e cibercultura) (2010-2015). Fez est\u00e1gio p\u00f3s-doutoral no Institute of Communication Studies da Universidade de Leeds (2013-2014). Foi tamb\u00e9m coordenador do GT Internet e Pol\u00edtica da Compol\u00edtica (2015-2019) e coordenador do Programa de P\u00f3s-Gradua\u00e7\u00e3o em Ci\u00eancia Pol\u00edtica da UFPR (2017-2019).<\/span><\/p>\n<p><span style=\"color: #000000\">\u00c9 Bolsista em Produtividade do CNPq, N\u00edvel 2 (2020-2023).<\/span><\/p>\n<p><span style=\"color: #000000\">Orcid: http:\/\/orcid.org\/0000-0003-3397-0575<\/span><\/p>\n<p><span style=\"color: #000000\">Google Scholar: https:\/\/scholar.google.com.br\/citations?user=WVprGS8AAAAJ&amp;hl=pt-BR<\/span><\/p>\n<p lang=\"en-US\" align=\"justify\"><span style=\"color: #000000;font-size: medium\"><span style=\"font-family: arial, sans-serif\">\u00a0<\/span><\/span><\/p>\n<p align=\"justify\"><span style=\"color: #000000;font-size: medium\"><span style=\"font-family: arial, sans-serif\">He holds a degree in Social Sciences from the State University of Campinas (1989), a Master&#8217;s degree in Political Science from the State University of Campinas (1996) and a PhD in Economic Development from the State University of Campinas (2008). Paran\u00e1. He has experience in Political Science, having published scientific papers in the following areas: internet and politics, elites, institutions and new technologies, analysis of decision-making processes and legislative behavior. Coordinator of projects funded by CNPq on the use of new technologies by Brazilian parliamentary elites and their impacts on the processes of political representation (2009-2013), and the ST and GT in the Anpocs (2010-2015 Cyberpolitics, cyber-politics and cyberculture). He completed post-doctoral studies at the Institute of Communication Studies at the University of Leeds (2013-2014). He was also coordinator of the Compol\u00edtica Internet and Policy WG (2015-2017). From June 2017 he took over the coordination of the Graduate Program in Political Science of UFPR (2017).<\/span><\/span><\/p>\n<p align=\"justify\"><span style=\"color: #000000\"><strong><span style=\"font-family: arial, sans-serif\"><span style=\"font-size: medium\"><span lang=\"en-US\"><b>Linha de pesquisa<\/b><\/span><\/span><\/span><\/strong><span style=\"font-family: arial, sans-serif\"><span style=\"font-size: medium\"><span lang=\"en-US\">:<\/span><\/span><\/span><span style=\"font-family: arial, sans-serif\"><span style=\"font-size: medium\"><span lang=\"en-US\"> Comportamento, Representa\u00e7\u00e3o e Comunica\u00e7\u00e3o Pol\u00edtica<\/span><\/span><\/span><\/span><\/p>\n<p><span style=\"color: #000000\"><span style=\"font-family: arial, sans-serif\"><span style=\"font-size: medium\"><br \/>\n<\/span><\/span><span style=\"font-family: arial, sans-serif\"><span style=\"font-size: medium\"><b>P<\/b><b>rincipais temas de pesquisa: <\/b><\/span><\/span><\/span><\/p>\n<p><span style=\"color: #000000;font-size: medium\"><span style=\"font-family: arial, sans-serif\">&#8211; Internet e Pol\u00edtica;<br \/>\n&#8211; Atores, Institui\u00e7\u00f5es e Processos Decis\u00f3rios.<\/span><\/span><\/p>\n<p><span style=\"color: #000000;font-size: medium\"><span style=\"font-family: arial, sans-serif\"><br \/>\n<b>Principais <\/b><b>publica\u00e7\u00f5es:<\/b><\/span><\/span><\/p>\n<p><span style=\"color: #000000\">Gabinetes digitais: o papel da comunica\u00e7\u00e3o online na rotina parlamentar Dispon\u00edvel em: .<strong> Revista Eletr\u00f4nica do Programa de P\u00f3s-Gradua\u00e7\u00e3o da C\u00e2mara dos Deputados<\/strong>, v. 26, p. 104-132, 2019.<\/span><\/p>\n<p><span style=\"color: #000000\">As assessorias de m\u00eddias digitais dos parlamentares brasileiros: organiza\u00e7\u00e3o e profissionaliza\u00e7\u00e3o na C\u00e2mara dos Deputados.. <strong>TEORIA &amp; SOCIEDADE<\/strong> (UFMG), v. 26, p. 150-178, 2019.<\/span><\/p>\n<p><span style=\"color: #000000\">Estado da arte da democracia digital no Brasil: oferta e sobreviv\u00eancia das iniciativas (1999-2016). <strong>REVISTA DO SERVICO PUBLICO (ONLINE)<\/strong>, v. 70, p. 693-374, 2019.<\/span><\/p>\n<p><span style=\"color: #000000\">Respondem os pol\u00edticos a questionamentos dos eleitores? Um experimento controlando os incentivos de mensagem, per\u00edodo e meio. <strong>OPINI\u00c3O P\u00daBLICA<\/strong>, v. 24, p. 328-364, 2018.<\/span><\/p>\n<p><span style=\"color: #000000\">Elei\u00e7\u00f5es como de costume? Uma an\u00e1lise longitudinal das mudan\u00e7as provocadas nas campanhas eleitorais brasileiras pelas tecnologias digitais (1998-2016). <strong>REVISTA BRASILEIRA DE CI\u00caNCIA POL\u00cdTICA<\/strong>, v. 26, p. 7-62, 2018.<\/span><\/p>\n<p><span style=\"color: #000000\">Os partidos pol\u00edticos brasileiros e as fake news durante as elei\u00e7\u00f5es de 2018. <strong>CADERNOS ADENAUER<\/strong> (S\u00c3O PAULO), v. 2, p. 109-129, 2018.<\/span><\/p>\n<p><span style=\"color: #000000\">Estrat\u00e9gias de comunica\u00e7\u00e3o digital dos partidos brasileiros e portugueses: um estudo comparado. Link: http:\/\/www.scielo.mec.pt\/pdf\/aso\/n223\/n223a04.pdf\/https:\/\/www.jstor.org\/stable\/44322651. <strong>An\u00e1lise Social<\/strong> (Lisboa), v. 223, p. 328-359, 2017.<\/span><\/p>\n<p><span style=\"color: #000000\">Eleicoes online em tempos de -big data?: Metodos e questo-es de pesquisa a partir das eleic-o-es municipais brasileiras de 2016. <strong>Estudos em Comunica\u00e7\u00e3o<\/strong>, v. 25, p. 253-285, 2017.<\/span><\/p>\n<p><span style=\"color: #000000\">Jornalismo online e elei\u00e7\u00f5es em 2014: uma an\u00e1lise a partir da iniciativa Candibook, do jornal paranaense <strong>Gazeta do Povo. INTERCOM<\/strong> (S\u00c3O PAULO. IMPRESSO), v. 40, p. 169-188, 2017.<\/span><\/p>\n<p><span style=\"color: #000000\">AS FUN\u00c7\u00d5ES DESEMPENHADAS PELOS WEBSITES PARLAMENTARES BRASILEIROS E O PAPEL DOS PROGRAMAS EDUCATIVOS. <strong>Educa\u00e7\u00e3o e sociedade<\/strong>, v. 37, p. 793-819, 2016.<\/span><\/p>\n","protected":false},"excerpt":{"rendered":"<p>S\u00e9rgio Soares Braga E-mail: sssbraga@gmail.com Curr\u00edculo Lattes Telefone:\u00a0(41) 3360-5065 Doutor em Desenvolvimento Econ\u00f4mico (IE\/Unicamp, 2008) Possui gradua\u00e7\u00e3o em Ci\u00eancias Sociais pela Universidade Estadual de Campinas (1989), mestrado em Ci\u00eancia Pol\u00edtica pela Universidade Estadual de Campinas [&hellip;]<\/p>\n","protected":false},"author":20,"featured_media":0,"parent":0,"menu_order":0,"comment_status":"closed","ping_status":"closed","template":"","meta":{"footnotes":""},"class_list":["post-371","page","type-page","status-publish","hentry"],"_links":{"self":[{"href":"https:\/\/cienciapolitica.ufpr.br\/decp\/wp-json\/wp\/v2\/pages\/371","targetHints":{"allow":["GET"]}}],"collection":[{"href":"https:\/\/cienciapolitica.ufpr.br\/decp\/wp-json\/wp\/v2\/pages"}],"about":[{"href":"https:\/\/cienciapolitica.ufpr.br\/decp\/wp-json\/wp\/v2\/types\/page"}],"author":[{"embeddable":true,"href":"https:\/\/cienciapolitica.ufpr.br\/decp\/wp-json\/wp\/v2\/users\/20"}],"replies":[{"embeddable":true,"href":"https:\/\/cienciapolitica.ufpr.br\/decp\/wp-json\/wp\/v2\/comments?post=371"}],"version-history":[{"count":6,"href":"https:\/\/cienciapolitica.ufpr.br\/decp\/wp-json\/wp\/v2\/pages\/371\/revisions"}],"predecessor-version":[{"id":803,"href":"https:\/\/cienciapolitica.ufpr.br\/decp\/wp-json\/wp\/v2\/pages\/371\/revisions\/803"}],"wp:attachment":[{"href":"https:\/\/cienciapolitica.ufpr.br\/decp\/wp-json\/wp\/v2\/media?parent=371"}],"curies":[{"name":"wp","href":"https:\/\/api.w.org\/{rel}","templated":true}]}}