{"id":355,"date":"2018-01-11T14:41:38","date_gmt":"2018-01-11T16:41:38","guid":{"rendered":"https:\/\/cienciapolitica.ufpr.br\/decp\/?page_id=355"},"modified":"2020-07-23T14:28:35","modified_gmt":"2020-07-23T17:28:35","slug":"paulo-roberto-neves-costa","status":"publish","type":"page","link":"https:\/\/cienciapolitica.ufpr.br\/decp\/paulo-roberto-neves-costa\/","title":{"rendered":"Paulo Roberto Neves Costa"},"content":{"rendered":"<h1 class=\"western\"><span style=\"color: #000000;font-size: medium\"><span style=\"font-family: arial, sans-serif\"><b>Paulo Roberto Neves Costa<\/b><\/span><\/span><\/h1>\n<p><span style=\"color: #000000\"><img decoding=\"async\" class=\"alignnone size-full wp-image-103\" src=\"https:\/\/cienciapolitica.ufpr.br\/decp\/wp-content\/uploads\/sites\/3\/2017\/02\/Paulo.jpg\" alt=\"\" width=\"150\" height=\"150\" \/><\/span><br \/>\n<span style=\"color: #000000\"> <span style=\"font-family: arial, sans-serif\"><span style=\"font-size: medium\"><b>E-mail:<\/b><\/span><\/span><span style=\"font-family: arial, sans-serif\"><span style=\"font-size: medium\"><u>\u00a0<\/u><\/span><\/span><span style=\"font-family: arial, sans-serif\"><span style=\"font-size: medium\"><a style=\"color: #000000\" href=\"mailto:paulocosta@gmail.com\" target=\"_blank\" rel=\"noopener noreferrer\">paulocostaufpr@gmail.com<\/a><\/span><\/span><span style=\"font-family: arial, sans-serif\"><span style=\"font-size: medium\"><br \/>\n<\/span><\/span><a style=\"color: #000000\" href=\"http:\/\/buscatextual.cnpq.br\/buscatextual\/visualizacv.do?metodo=apresentar&amp;id=K4786298J6\"><span style=\"font-family: arial, sans-serif\"><span style=\"font-size: medium\">Curr\u00edculo Lattes<\/span><\/span><\/a><span style=\"font-family: arial, sans-serif\"><span style=\"font-size: medium\"><b><br \/>\n<\/b><\/span><\/span><span style=\"font-family: arial, sans-serif\"><span style=\"font-size: medium\"><b>Telefone:\u00a0<\/b><\/span><\/span><span style=\"font-family: arial, sans-serif\"><span style=\"font-size: medium\">(41) 3360-5065<br \/>\n<\/span><\/span><\/span><\/p>\n<p><span style=\"color: #000000;font-size: medium\"><strong><span style=\"font-family: arial, sans-serif\"><b>Doutor em Ci\u00eancias Sociais (Unicamp, 2003)<\/b><\/span><\/strong><\/span><\/p>\n<p align=\"justify\"><span style=\"color: #000000;font-size: medium\"><span style=\"font-family: arial, sans-serif\"><span lang=\"en-US\"><br \/>\n<\/span><span lang=\"en-US\">Mestre em ci\u00eancia pol\u00edtica (1998) e doutor em ci\u00eancias sociais pela <\/span><span lang=\"en-US\">U<\/span><span lang=\"en-US\">niversidade <\/span><span lang=\"en-US\">E<\/span><span lang=\"en-US\">stadual de <\/span><span lang=\"en-US\">C<\/span><span lang=\"en-US\">ampinas (2003), professor de ci\u00eancia pol\u00edtica na <\/span><span lang=\"en-US\">U<\/span><span lang=\"en-US\">niversidade <\/span><span lang=\"en-US\">F<\/span><span lang=\"en-US\">ederal do <\/span><span lang=\"en-US\">P<\/span><span lang=\"en-US\">aran\u00e1 desde 1994, publicou 13 artigos em peri\u00f3dicos especializados e diversos trabalhos em anais de eventos, possui um livro, 5 cap\u00edtulos de livros e 4 obras organizadas publicadas, al\u00e9m de 6 itens de produ\u00e7\u00e3o t\u00e9cnica, participou de eventos no exterior e no Brasil, orientou diversos trabalhos de inicia\u00e7\u00e3o cient\u00edfica e de conclus\u00e3o de curso na \u00e1rea de ci\u00eancia pol\u00edtica, 12 disserta\u00e7\u00f5es de mestrado e duas de doutorado. Atua na \u00e1rea de ci\u00eancia pol\u00edtica, com \u00eanfase em classes sociais e grupos de interesse, em suas atividades profissionais interagiu com 4 colaboradores em co-autorias de trabalhos cient\u00edficos e em seu curr\u00edculo lattes os termos mais frequentes s\u00e3o: empresariado, a\u00e7\u00e3o pol\u00edtica e democracia no Brasil. \u00c9 editor da revista de sociologia e pol\u00edtica e bolsista produtividade do CNPq.<\/span><\/span><\/span><\/p>\n<p align=\"justify\"><span style=\"font-family: arial, sans-serif;color: #000000;font-size: medium\"><br \/>\nHe has a master&#8217;s degree in political science (1998) and a doctorate in social sciences from the State University of Campinas (2003), a professor of political science at the federal University of Paran\u00e1 since 1994, published 13 articles in specialized journals and several papers in annals of events, , 5 chapters of books and 4 published works, in addition to 6 items of technical production, participated in events abroad and in Brazil, guided several works of scientific initiation and completion of course in the area of \u200b\u200bpolitical science, 12 master&#8217;s dissertations and two doctorate degrees. In the area of \u200b\u200bpolitical science, with emphasis on social classes and interest groups, in his professional activities interacted with 4 collaborators in co-authorship of scientific works and in his curriculum lattes the most frequent terms are: business, political action and democracy in the Brazil. He is editor of the magazine of sociology and politics and stock exchange productivity of CNPq.<\/span><\/p>\n<p>&nbsp;<\/p>\n<p><span style=\"color: #000000\"><strong><span style=\"font-family: arial, sans-serif\"><span style=\"font-size: medium\"><span lang=\"en-US\"><b>Linha de pesquisa<\/b><\/span><\/span><\/span><\/strong><span style=\"font-family: arial, sans-serif\"><span style=\"font-size: medium\"><span lang=\"en-US\">: Elites Pol\u00edticas<\/span><\/span><\/span><\/span><\/p>\n<p>&nbsp;<\/p>\n<p><span style=\"color: #000000;font-size: medium\"><span style=\"font-family: arial, sans-serif\"><b>Principais temas de pesquisa: <\/b><\/span><\/span><\/p>\n<p><span style=\"color: #000000;font-size: medium\"><span style=\"font-family: arial, sans-serif\">&#8211; Empresariado;<br \/>\n&#8211; Pol\u00edtica e economia;<br \/>\n&#8211; Elite empresarial.<\/span><\/span><\/p>\n<p>&nbsp;<\/p>\n<p><span style=\"color: #000000\"><b>Principais <\/b><b>publica\u00e7\u00f5es:<\/b><\/span><\/p>\n<p align=\"justify\"><span style=\"color: #000000;font-size: medium\"><span style=\"font-family: arial, sans-serif\">COSTA, P. R. N. &amp; Paz, Ezequiel Martins. Corruption in Brazil: a Brazilian CEOs point of view. In: Jonathan Mendilow and Ilan Peleg. (Orgs.).\u00a0<strong><b>Corruption and Governmental Legitimacy<\/b><\/strong>. A Twenty-First Century Perspective. 1ed. Lanham: Lexington Books, 2016, v. 1, p. 171-200.<\/span><\/span><\/p>\n<p align=\"justify\"><span style=\"color: #000000\"><span style=\"font-family: arial, sans-serif\"><span style=\"font-size: medium\"><br \/>\nCOSTA, P. R. N. Os empres\u00e1rios enquanto elite: a pesquisa emp\u00edrica. In: Perissinotto, Renato e Codato, Adriano Nervo. (Org.).\u00a0<\/span><\/span><strong><span style=\"font-family: arial, sans-serif\"><span style=\"font-size: medium\"><b>Como estudar elites<\/b><\/span><\/span><\/strong><span style=\"font-family: arial, sans-serif\"><span style=\"font-size: medium\">. 1\u00aaed. Curitiba: Editora Ufpr, v. 1, p. 217-246, 2015.<\/span><\/span><\/span><\/p>\n<p align=\"justify\"><span style=\"color: #000000\"><span style=\"font-family: arial, sans-serif\"><span style=\"font-size: medium\"><br \/>\nCOSTA, P. R. N. Elite empresarial e elite econ\u00f4mica: o estudo dos empres\u00e1rios.\u00a0<\/span><\/span><strong><span style=\"font-family: arial, sans-serif\"><span style=\"font-size: medium\"><b>Revista de Sociologia e Pol\u00edtica (UFPR. Impresso)<\/b><\/span><\/span><\/strong><span style=\"font-family: arial, sans-serif\"><span style=\"font-size: medium\">, v. 22, p. 47-57, 2014.<\/span><\/span><\/span><\/p>\n<p align=\"justify\"><span style=\"color: #000000\"><span style=\"font-family: arial, sans-serif\"><span style=\"font-size: medium\"><br \/>\nCOSTA, P. R. N.;\u00a0COSTA, L. D.\u00a0; NUNES, W. Os senadores-empres\u00e1rios: recrutamento, carreira e partidos pol\u00edticos dos empres\u00e1rios no Senado brasileiro (1986-2010).\u00a0<\/span><\/span><strong><span style=\"font-family: arial, sans-serif\"><span style=\"font-size: medium\"><b>Revista Brasileira de Ci\u00eancia Pol\u00edtica (Impresso)<\/b><\/span><\/span><\/strong><span style=\"font-family: arial, sans-serif\"><span style=\"font-size: medium\">, p. 227-253, 2014.<\/span><\/span><\/span><\/p>\n<p align=\"justify\"><span style=\"color: #000000\"><span style=\"font-family: arial, sans-serif\"><span style=\"font-size: medium\"><br \/>\nCOSTA, P. R. N. A elite empresarial e as institui\u00e7\u00f5es democr\u00e1ticas: cultura pol\u00edtica, confian\u00e7a e padr\u00f5es de a\u00e7\u00e3o pol\u00edtica.<\/span><\/span><strong><span style=\"font-family: arial, sans-serif\"><span style=\"font-size: medium\">\u00a0<\/span><\/span><\/strong><strong><span style=\"font-family: arial, sans-serif\"><span style=\"font-size: medium\"><b>Opini\u00e3o P\u00fablica<\/b><\/span><\/span><\/strong><span style=\"font-family: arial, sans-serif\"><span style=\"font-size: medium\">, vol. 18, n\u00ba 2, 2012.<\/span><\/span><\/span><\/p>\n<p align=\"justify\"><span style=\"color: #000000\"><span style=\"font-family: arial, sans-serif\"><span style=\"font-size: medium\"><br \/>\nCOSTA, P. R. N. Empresariado, regime pol\u00edtico e democracia: Brasil, anos de 1990.\u00a0<\/span><\/span><strong><span style=\"font-family: arial, sans-serif\"><span style=\"font-size: medium\"><b>Revista Brasileira de Ci\u00eancias Sociais<\/b><\/span><\/span><\/strong><span style=\"font-family: arial, sans-serif\"><span style=\"font-size: medium\">, vol. 20, n\u00ba 57, 2005.<\/span><\/span><\/span><\/p>\n<p align=\"justify\"><span style=\"color: #000000\"><span style=\"font-family: arial, sans-serif\"><span style=\"font-size: medium\"><br \/>\nCOSTA, P. R. N.\u00a0<\/span><\/span><strong><span style=\"font-family: arial, sans-serif\"><span style=\"font-size: medium\"><b>Democracia nos anos 50<\/b><\/span><\/span><\/strong><span style=\"font-family: arial, sans-serif\"><span style=\"font-size: medium\">: burguesia comercial, corporativismo e\u00a0 parlamento. S\u00e3o Paulo: Hucitec, 1998.<\/span><\/span><\/span><\/p>\n<p align=\"justify\"><span style=\"color: #000000\">\u00a0<\/span><\/p>\n","protected":false},"excerpt":{"rendered":"<p>Paulo Roberto Neves Costa E-mail:\u00a0paulocostaufpr@gmail.com Curr\u00edculo Lattes Telefone:\u00a0(41) 3360-5065 Doutor em Ci\u00eancias Sociais (Unicamp, 2003) Mestre em ci\u00eancia pol\u00edtica (1998) e doutor em ci\u00eancias sociais pela Universidade Estadual de Campinas (2003), professor de ci\u00eancia pol\u00edtica [&hellip;]<\/p>\n","protected":false},"author":20,"featured_media":0,"parent":0,"menu_order":0,"comment_status":"closed","ping_status":"closed","template":"","meta":{"footnotes":""},"class_list":["post-355","page","type-page","status-publish","hentry"],"_links":{"self":[{"href":"https:\/\/cienciapolitica.ufpr.br\/decp\/wp-json\/wp\/v2\/pages\/355","targetHints":{"allow":["GET"]}}],"collection":[{"href":"https:\/\/cienciapolitica.ufpr.br\/decp\/wp-json\/wp\/v2\/pages"}],"about":[{"href":"https:\/\/cienciapolitica.ufpr.br\/decp\/wp-json\/wp\/v2\/types\/page"}],"author":[{"embeddable":true,"href":"https:\/\/cienciapolitica.ufpr.br\/decp\/wp-json\/wp\/v2\/users\/20"}],"replies":[{"embeddable":true,"href":"https:\/\/cienciapolitica.ufpr.br\/decp\/wp-json\/wp\/v2\/comments?post=355"}],"version-history":[{"count":6,"href":"https:\/\/cienciapolitica.ufpr.br\/decp\/wp-json\/wp\/v2\/pages\/355\/revisions"}],"predecessor-version":[{"id":813,"href":"https:\/\/cienciapolitica.ufpr.br\/decp\/wp-json\/wp\/v2\/pages\/355\/revisions\/813"}],"wp:attachment":[{"href":"https:\/\/cienciapolitica.ufpr.br\/decp\/wp-json\/wp\/v2\/media?parent=355"}],"curies":[{"name":"wp","href":"https:\/\/api.w.org\/{rel}","templated":true}]}}