{"id":349,"date":"2018-01-11T14:38:04","date_gmt":"2018-01-11T16:38:04","guid":{"rendered":"https:\/\/cienciapolitica.ufpr.br\/decp\/?page_id=349"},"modified":"2020-07-23T14:16:43","modified_gmt":"2020-07-23T17:16:43","slug":"nelson-rosario-de-souza","status":"publish","type":"page","link":"https:\/\/cienciapolitica.ufpr.br\/decp\/nelson-rosario-de-souza\/","title":{"rendered":"Nelson Ros\u00e1rio de Souza"},"content":{"rendered":"<h1 class=\"western\"><span style=\"color: #000000;font-size: medium\"><span style=\"font-family: arial, sans-serif\"><b>Nelson Ros\u00e1rio de Souza<\/b><\/span><\/span><\/h1>\n<p><span style=\"color: #000000\"><img decoding=\"async\" class=\"alignnone size-full wp-image-102\" src=\"https:\/\/cienciapolitica.ufpr.br\/decp\/wp-content\/uploads\/sites\/3\/2017\/02\/nelson.png\" alt=\"\" width=\"148\" height=\"179\" \/><\/span><br \/>\n<span style=\"color: #000000\"> <span style=\"font-family: arial, sans-serif\"><span style=\"font-size: medium\"><b>E-mail:\u00a0<\/b><\/span><\/span><span style=\"font-family: arial, sans-serif\"><span style=\"font-size: medium\"><u><a style=\"color: #000000\" href=\"mailto:nrdesouza@ufpr.br\">nrdesouza@ufpr.br<\/a><\/u><\/span><\/span><span style=\"font-family: arial, sans-serif\"><span style=\"font-size: medium\"><br \/>\n<\/span><\/span><a style=\"color: #000000\" href=\"http:\/\/buscatextual.cnpq.br\/buscatextual\/visualizacv.do?id=K4784837H6\"><span style=\"font-family: arial, sans-serif\"><span style=\"font-size: medium\">Curr\u00edculo Lattes<\/span><\/span><\/a><span style=\"font-family: arial, sans-serif\"><span style=\"font-size: medium\"><b><br \/>\n<\/b><\/span><\/span><span style=\"font-family: arial, sans-serif\"><span style=\"font-size: medium\"><b>Telefone:\u00a0<\/b><\/span><\/span><span style=\"font-family: arial, sans-serif\"><span style=\"font-size: medium\">(41) 3360-5065<br \/>\n<\/span><\/span><\/span><\/p>\n<p><span style=\"color: #000000;font-size: medium\"><strong><span style=\"font-family: arial, sans-serif\"><b>Doutor em Sociologia (USP, 1999)<\/b><\/span><\/strong><\/span><\/p>\n<p><span style=\"font-family: arial, sans-serif;color: #000000;font-size: medium\"><span lang=\"en-US\"><br \/>\n<\/span>Nelson Ros\u00e1rio de Souza cumpriu per\u00edodo como professor visitante na &#8216;Universit\u00e9 Sorbonne Nouvelle Paris III&#8217; entre Dezembro de 2019 e Fevereiro de 2020. Realizou est\u00e1gio p\u00f3s-doutoral com bolsa Capes na &#8216;Universit\u00e9 Sorbonne Nouvelle Paris III&#8217; no ano escolar 2012-2013. Concluiu o doutorado em sociologia pela Universidade de S\u00e3o Paulo em 1999, tendo cumprido est\u00e1gio de pesquisa na &#8216;\u00c9cole Des Hautes \u00c9tudes En Sciences Sociales&#8217; (Paris) no per\u00edodo de 1995-96 com bolsa do CNPq. Atualmente \u00e9 professor Titular da Universidade Federal do Paran\u00e1. Publicou 2 livros, 17 artigos em peri\u00f3dicos especializados, 12 em colet\u00e2neas, organizou 1 dossi\u00ea em revista especializada e uma colet\u00e2nea. Publicou 60 trabalhos completos em anais de eventos nacionais e internacionais. Possui 32 itens de produ\u00e7\u00e3o t\u00e9cnica. Orientou 8 teses de doutorado, 18 disserta\u00e7\u00f5es de mestrado e co-orientou 1, al\u00e9m de ter orientado trabalhos de inicia\u00e7\u00e3o cientifica e de especializa\u00e7\u00e3o nas \u00e1reas de sociologia, ci\u00eancia politica e sociologia urbana. Recebeu 1 pr\u00eamio e\/ou homenagem. Atua nas \u00e1reas de sociologia e ci\u00eancia politica, com \u00eanfase em sociologia da comunica\u00e7\u00e3o, comunica\u00e7\u00e3o pol\u00edtica e cultura e comunica\u00e7\u00e3o. Coordena o grupo de pesquisa \u2018Midiaculturas\u2019. Foi coordenador do PIBID (Programa Institucional De Bolsa De Inicia\u00e7\u00e3o \u00c0 Doc\u00eancia &#8211; Capes) em sociologia entre 2014 e 2018. Em suas atividades profissionais interagiu com 12 colaboradores em co-autorias de trabalhos cient\u00edficos. Termos mais frequentes em seu trabalho: m\u00eddia e pol\u00edtica, m\u00eddia e cultura, cidade e poder, democracia.<br \/>\n<\/span><\/p>\n<p align=\"justify\"><span style=\"font-family: arial, sans-serif;color: #000000;font-size: medium\">Nelson Ros\u00e1rio de Souza carried out post-doctoral internship with the Capes scholarship at the &#8216;Universit\u00e9 Sorbonne Nouvelle Paris III&#8217; in the school year 2012-2013. He completed his doctorate in sociology from the University of S\u00e3o Paulo in 1999 and completed a research internship at the \u00c9cole des Hautes \u00c9tudes en Sciences Sociales (Paris) in the period 1995-96 with a scholarship from CNPq. He is currently a Full Professor at the Federal University of Paran\u00e1. Published 2 books, 13 articles in specialized periodicals, 8 in collections, organized 1 dossier in a specialized magazine and a collection. He has published 56 complete papers in annals of national and international events. It has 6 items of technical production. He has supervised 4 doctoral theses, 16 master&#8217;s dissertations and co-oriented 1, in addition to directing scientific initiation and specialization work in the areas of sociology, political science and urban sociology. Received 1 award and \/ or honor. He works in the areas of sociology and political science, with emphasis on sociology of communication, political communication and culture and communication. He coordinates the research group &#8220;Midiaculturas&#8221;. He is coordinator of PIBID (Institutional Grant Program for Teaching Initiation &#8211; Capes) in sociology. In his professional activities he interacted with 10 collaborators in co-authorship of scientific works. Most frequent terms in his work: media and politics, media and culture, city and power, democracy.<\/span><\/p>\n<p>&nbsp;<\/p>\n<p><span style=\"color: #000000\"><strong><span style=\"font-family: arial, sans-serif\"><span style=\"font-size: medium\"><span lang=\"en-US\"><b>Linha de pesquisa<\/b><\/span><\/span><\/span><\/strong><span style=\"font-family: arial, sans-serif\"><span style=\"font-size: medium\"><span lang=\"en-US\">:\u00a0<\/span><\/span><\/span><\/span><\/p>\n<p><span style=\"color: #000000\">1. Comportamento, Representa\u00e7\u00e3o e Comunica\u00e7\u00e3o Pol\u00edtica.<\/span><br \/>\n<span style=\"color: #000000\"> 2. Cultura e Sociabilidades: Cultura, comunica\u00e7\u00e3o e sociabilidades.<\/span><\/p>\n<p>&nbsp;<\/p>\n<p><span style=\"color: #000000;font-size: medium\"><span style=\"font-family: arial, sans-serif\"><b>Principais temas de pesquisa: <\/b><\/span><\/span><\/p>\n<p><span style=\"color: #000000\">&#8211; M\u00eddia, cultura e identidade;<\/span><br \/>\n<span style=\"color: #000000\"> &#8211; Poder, comunica\u00e7\u00e3o e sociedade;<\/span><br \/>\n<span style=\"color: #000000\"> &#8211; M\u00eddia e quest\u00e3o racial;<\/span><br \/>\n<span style=\"color: #000000\"> &#8211; M\u00eddia e g\u00eanero.<\/span><\/p>\n<p>&nbsp;<\/p>\n<p><span style=\"color: #000000\"><b>Principais <\/b><b>publica\u00e7\u00f5es:<\/b><\/span><\/p>\n<p><span style=\"color: #000000\">SOUZA, Nelson Ros\u00e1rio de e VALMORE, Fabiane Helene. TENS\u00d5ES NA CI\u00caNCIA POL\u00cdTICA BRASILEIRA: a produ\u00e7\u00e3o dos doutores (2005-2014) e a percep\u00e7\u00e3o dos editores. <strong>Revista Sociedade e Cultura.<\/strong> UFG, 2019. Vol. 22, 2, p. 204-228.<\/span><\/p>\n<p><span style=\"color: #000000\">SOUZA, N. R. de, ALMEIDA, V. A. de, DRUMOND, D. R. \u201cPoder, resist\u00eancia e interseccionalidade: as disputas discursivas por identidade no seriado brasileiro \u2018Sexo e as Negas\u2019\u201d. <strong>Ex Aequo<\/strong>. 2017. Porto: Portugal (35): 65-82.<\/span><\/p>\n<p><span style=\"color: #000000\">FUKS, M\u00e1rio ; SOUZA, Nelson Ros\u00e1rio de ; PERISSINOTTO, Renato Monseff . Power and Consensus in Participatory Institutions: The \u2018Assistencialist\u2019 Concils of Curitiba, Brazil. In: Ivani Vassoler-Froelich. (Org.). Reducing Latin America\u00b4s Democratic Deficit from an Urban Perspective: Citizens, City Governments and the Limits of Change. <strong>1 ed. Dusseldorf: Scholars\u2019 Press<\/strong>, 2017, v. 1, p. 255-274.<\/span><\/p>\n<p><span style=\"color: #000000\">SOUZA, Nelson Ros\u00e1rio de e VALMORE, Fabiane Helene. \u201cMovimentos Sociais, Institui\u00e7\u00f5es Participativas e Sociedade Civil em sete peri\u00f3dicos nacionais (Qualis A1, A2 e B1), 2005-2014\u201d. <strong>Revista Brasileira de Informa\u00e7\u00e3o Bibliogr\u00e1fica em Ci\u00eancias Sociais \u2013 BIB.<\/strong> Anpocs. 2017. Vol. 82.<\/span><\/p>\n<p><span style=\"color: #000000\">SOUZA, Nelson Ros\u00e1rio de. Repensando a m\u00eddia e a cultura: novos olhares sociol\u00f3gicos. In: Regiane Ribeiro. (Org.). <strong>Jovens, Consumo e Converg\u00eancia Midi\u00e1tica.<\/strong> 1 ed. Curitiba: Editora UFPR, 2016, v. 1, p. 1-155.<\/span><\/p>\n<p><span style=\"color: #000000\">SOUZA, Nelson Ros\u00e1rio de. Poder e Comunica\u00e7\u00e3o. In: Renato Monseff Perissinotto; Gustavo Biscaia de Lacerda; Jos\u00e9 Leon Szwako. (Org.). <strong>Curso livre de teoria pol\u00edtica: normatividade e empiria.<\/strong> 1ed.Curitiba: Editora Appris, 2016, v. 1, p. 1-154.<\/span><\/p>\n<p><span style=\"color: #000000\">SOUZA, Nelson Ros\u00e1rio de; TRINDADE, A. D. ; RODRIGUES, M. C. . A caixa did\u00e1tica sobre g\u00eanero e sexualidade: uma experi\u00eancia construtivista do PIBID\/UFPR 2015 \u2013 Sociologia. In: Leonir Lorenzetti; Joanez Aparecida Aires; Tania Teresinha Bruns Zimer; Luiz Everson da Silva. (Org.). <strong>Disseminando conhecimentos e pr\u00e1ticas: o Pibid na UFPR.<\/strong> 1 ed. Curitiba: Editora da UFPR, 2016, v. 1, p. 215-231.<\/span><\/p>\n<p><span style=\"color: #000000\">SOUZA, NELSON ROS\u00c1RIO DE. Media and democracy: a plural approach.<strong> Brazilian Political Science Review<\/strong>, v. 8, p. 138-149, 2014 &lt; http:\/\/www.scielo.br\/pdf\/bpsr\/v8 n1\/08.pdf &gt;<\/span><\/p>\n<p>&nbsp;<\/p>\n<p>&nbsp;<\/p>\n","protected":false},"excerpt":{"rendered":"<p>Nelson Ros\u00e1rio de Souza E-mail:\u00a0nrdesouza@ufpr.br Curr\u00edculo Lattes Telefone:\u00a0(41) 3360-5065 Doutor em Sociologia (USP, 1999) Nelson Ros\u00e1rio de Souza cumpriu per\u00edodo como professor visitante na &#8216;Universit\u00e9 Sorbonne Nouvelle Paris III&#8217; entre Dezembro de 2019 e Fevereiro [&hellip;]<\/p>\n","protected":false},"author":20,"featured_media":0,"parent":0,"menu_order":0,"comment_status":"closed","ping_status":"closed","template":"","meta":{"footnotes":""},"class_list":["post-349","page","type-page","status-publish","hentry"],"_links":{"self":[{"href":"https:\/\/cienciapolitica.ufpr.br\/decp\/wp-json\/wp\/v2\/pages\/349","targetHints":{"allow":["GET"]}}],"collection":[{"href":"https:\/\/cienciapolitica.ufpr.br\/decp\/wp-json\/wp\/v2\/pages"}],"about":[{"href":"https:\/\/cienciapolitica.ufpr.br\/decp\/wp-json\/wp\/v2\/types\/page"}],"author":[{"embeddable":true,"href":"https:\/\/cienciapolitica.ufpr.br\/decp\/wp-json\/wp\/v2\/users\/20"}],"replies":[{"embeddable":true,"href":"https:\/\/cienciapolitica.ufpr.br\/decp\/wp-json\/wp\/v2\/comments?post=349"}],"version-history":[{"count":9,"href":"https:\/\/cienciapolitica.ufpr.br\/decp\/wp-json\/wp\/v2\/pages\/349\/revisions"}],"predecessor-version":[{"id":800,"href":"https:\/\/cienciapolitica.ufpr.br\/decp\/wp-json\/wp\/v2\/pages\/349\/revisions\/800"}],"wp:attachment":[{"href":"https:\/\/cienciapolitica.ufpr.br\/decp\/wp-json\/wp\/v2\/media?parent=349"}],"curies":[{"name":"wp","href":"https:\/\/api.w.org\/{rel}","templated":true}]}}