{"id":336,"date":"2018-01-11T11:34:04","date_gmt":"2018-01-11T13:34:04","guid":{"rendered":"https:\/\/cienciapolitica.ufpr.br\/decp\/?page_id=336"},"modified":"2020-07-23T13:54:44","modified_gmt":"2020-07-23T16:54:44","slug":"emerson-urizzi-cervi","status":"publish","type":"page","link":"https:\/\/cienciapolitica.ufpr.br\/decp\/emerson-urizzi-cervi\/","title":{"rendered":"Emerson Urizzi Cervi"},"content":{"rendered":"<p><span style=\"color: #000000;font-size: medium\"><span style=\"font-family: arial, sans-serif\"><b>Emerson Urizzi Cervi<\/b><\/span><\/span><\/p>\n<p><img decoding=\"async\" class=\"alignnone size-thumbnail wp-image-791\" src=\"https:\/\/cienciapolitica.ufpr.br\/decp\/wp-content\/uploads\/sites\/3\/2018\/01\/prof-emerson-150x150.png\" alt=\"\" width=\"150\" height=\"150\" \/><br \/>\n<span style=\"color: #000000\"> <span style=\"font-family: arial, sans-serif\"><span style=\"font-size: medium\"><b>E-mail:\u00a0<\/b><\/span><\/span><span style=\"font-family: arial, sans-serif\"><span style=\"font-size: medium\"><a style=\"color: #000000\" href=\"mailto:ecervi7@gmail.com\">ecervi7@gmail.com<\/a><\/span><\/span><span style=\"font-family: arial, sans-serif\"><span style=\"font-size: medium\"><br \/>\n<\/span><\/span><a style=\"color: #000000\" href=\"http:\/\/buscatextual.cnpq.br\/buscatextual\/visualizacv.do?id=K4773421T6\"><span style=\"font-family: arial, sans-serif\"><span style=\"font-size: medium\">Curr\u00edculo Lattes<\/span><\/span><\/a><span style=\"font-family: arial, sans-serif\"><span style=\"font-size: medium\"><b><br \/>\n<\/b><\/span><\/span><span style=\"font-family: arial, sans-serif\"><span style=\"font-size: medium\"><b>Telefone:\u00a0<\/b><\/span><\/span><span style=\"font-family: arial, sans-serif\"><span style=\"font-size: medium\">(41) 3360-5065<br \/>\n<\/span><\/span><\/span><\/p>\n<p><span style=\"color: #000000\"><strong><span style=\"font-family: arial, sans-serif\"><span style=\"font-size: medium\"><b>Doutor em Ci\u00eancia Pol\u00edtica <\/b><\/span><\/span><\/strong><strong><span style=\"font-family: arial, sans-serif\"><span style=\"font-size: medium\"><b>(Iuperj, 2006)<\/b><\/span><\/span><\/strong><\/span><\/p>\n<p align=\"justify\"><span style=\"color: #000000;font-size: medium\"><span style=\"font-family: arial, sans-serif\">Professor associado do Departamento de Ci\u00eancia Pol\u00edtica; professor permanente do programa de p\u00f3s-gradua\u00e7\u00e3o em Ci\u00eancia Pol\u00edtica e do programa de p\u00f3s-gradua\u00e7\u00e3o em Comunica\u00e7\u00e3o da Universidade Federal do Paran\u00e1 (UFPR). Doutorado em Ci\u00eancia Pol\u00edtica pelo Instituto Universit\u00e1rio de Pesquisas do Rio de Janeiro &#8211; Iuperj (2006). Possui est\u00e1gio p\u00f3s-doutoral em partidos e elei\u00e7\u00f5es na Faculdade Latinoamericana de Ci\u00eancias Sociais- Espanha (Flacso-es)\/Universidad Salamanca com financiamento Capes na modalidade de bolsa de estudos para est\u00e1gio s\u00eanior no exterior (2015-2016). Mestrado em Sociologia pela Universidade Federal do Paran\u00e1 (2002) e gradua\u00e7\u00e3o em Comunica\u00e7\u00e3o Social Jornalismo pela Universidade Estadual de Ponta Grossa (1996). Coordena o grupo de pesquisa em Comunica\u00e7\u00e3o Pol\u00edtica e Opini\u00e3o P\u00fablica &#8211; Cpop (www.cpop.ufpr.br), com pesquisas e publica\u00e7\u00f5es nas \u00e1reas de debate e opini\u00e3o p\u00fablica, elei\u00e7\u00f5es, partidos, comunica\u00e7\u00e3o eleitoral, financiamento de campanhas e metodologia de pesquisa.\u00a0<\/span><\/span><\/p>\n<p align=\"justify\"><span style=\"color: #000000;font-size: medium\"><span style=\"font-family: arial, sans-serif\">Associate Professor, Department of Political Science; permanent professor of the postgraduate program in Political Science and postgraduate program in Communication of the Federal University of Paran\u00e1 (UFPR). PhD in Political Science by the University Institute of Research of Rio de Janeiro &#8211; Iuperj (2006). He holds post-doctoral training in parties and elections at the Latin American Faculty of Social Sciences &#8211; Spain (Flacso-es) \/ Universidad Salamanca with Capes funding as a scholarship for a senior internship abroad (2015-2016). Master&#8217;s degree in Sociology from the Federal University of Paran\u00e1 (2002) and a degree in Social Communication Journalism from the State University of Ponta Grossa (1996). He coordinates the research group in Political Communication and Public Opinion &#8211; Cpop (www.cpop.ufpr.br), with research and publications in the areas of debate and public opinion, elections, parties, electoral communication, campaign financing and research methodology. Coordinator of the postgraduate program in Political Science of UFPR (2012-2014).<\/span><\/span><\/p>\n<pre class=\"western\"><span style=\"color: #000000;font-size: x-large\"><span style=\"font-family: arial, sans-serif\">\u00a0<\/span><\/span><\/pre>\n<pre class=\"western\"><span style=\"color: #000000\"><strong><span style=\"font-family: arial, sans-serif\"><span style=\"font-size: medium\"><span lang=\"en-US\"><b>Linha de pesquisa<\/b><\/span><\/span><\/span><\/strong><span style=\"font-family: arial, sans-serif\"><span style=\"font-size: medium\"><span lang=\"en-US\">: Comportamento, Representa\u00e7\u00e3o e Comunica\u00e7\u00e3o Pol\u00edtica.<\/span><\/span><\/span><\/span><\/pre>\n<p><span style=\"color: #000000;font-size: medium\"><span style=\"font-family: arial, sans-serif\"><b>Principais temas de pesquisa: <\/b><\/span><\/span><\/p>\n<p><span style=\"color: #000000\"><span style=\"font-family: arial, sans-serif\"><span style=\"font-size: medium\">&#8211; Comunica\u00e7\u00e3o Pol\u00edtica;<br \/>\n&#8211; Opini\u00e3o P\u00fablica;<br \/>\n<\/span><\/span><span style=\"font-family: arial, sans-serif\"><span style=\"font-size: medium\">&#8211; Partidos;<br \/>\n&#8211; Elei\u00e7\u00f5es;<br \/>\n<\/span><\/span><span style=\"font-family: arial, sans-serif\"><span style=\"font-size: medium\">&#8211; Am\u00e9rica Latina.<\/span><\/span><\/span><\/p>\n<p><span style=\"color: #000000\"><b>Principais <\/b><b>publica\u00e7\u00f5es:<\/b><\/span><\/p>\n<p align=\"justify\"><span style=\"color: #000000;font-size: medium\"><span style=\"font-family: arial, sans-serif\">CERVI, Emerson U. PSDB e PT em elei\u00e7\u00f5es nacionais: fatores geogr\u00e1ficos, pol\u00edticos e socioecon\u00f4micos na polariza\u00e7\u00e3o partid\u00e1ria no Brasil (1994 a 2014) <b>Salamanca: Flacso-es (e-book)<\/b>, 2016. link academia.edu<\/span><\/span><\/p>\n<p align=\"justify\"><span style=\"color: #000000;font-size: medium\"><span style=\"font-family: arial, sans-serif\"><br \/>\nCERVI, Emerson U. et all. Internet e elei\u00e7\u00f5es no Brasil. <b>Curitiba: CPOP (e-book)<\/b>, 2016. link Academia.edu<\/span><\/span><\/p>\n<p align=\"justify\"><span style=\"color: #000000;font-size: medium\"><span style=\"font-family: arial, sans-serif\"><br \/>\nCERVI, Emerson U. Transformaciones y mantenimientos de la democracia brasile\u00f1a entre 2013 y 2015: de las nuevas movilizaciones de la calle a los viejos frenos parlamentarios. In COCO, JUan R. &amp; MATAS, Jesus A. A. (coord.) <b>El hilo de Ariadna. Soria: editorial Ceasga,<\/b> 2016<\/span><\/span><\/p>\n<p align=\"justify\"><span style=\"color: #000000;font-size: medium\"><span style=\"font-family: arial, sans-serif\"><br \/>\nCERVI, Emerson U. Doadores, partidos e estrat\u00e9gias para o financiamento de campanhas eleitorais no Brasil: uma an\u00e1lise sobre o reduzido n\u00famero de doadores e elevados valores doados para os candidatos a presidente em 2014. <b>Revista Pol\u00edtica &amp; Sociedade.<\/b> V. 15. N. 32, 2016 (p. 65 a 101).<\/span><\/span><\/p>\n<p align=\"justify\"><span style=\"color: #000000;font-size: medium\"><span style=\"font-family: arial, sans-serif\"><br \/>\nCERVI, Emerson U. Sobre cuando retroceder es importante para seguir adelante: la relaci\u00f3n entre m\u00e9todos emp\u00edricos de investigaci\u00f3n y la ciencia pol\u00edtica en el siglo XXI. Argentina: Re<b>vista Latinoamericanda de metodolog\u00eda de investigaci\u00f3n social.<\/b> N 11. A\u00f1o 6, 2016. (p.40 a 55)<\/span><\/span><\/p>\n<p align=\"justify\"><span style=\"color: #000000;font-size: medium\"><span style=\"font-family: arial, sans-serif\"><br \/>\n<\/span><\/span><\/p>\n<p align=\"justify\"><span style=\"color: #000000\"><span style=\"font-family: arial, sans-serif\"><span style=\"font-size: medium\"><br \/>\n<\/span><\/span><\/span><\/p>\n","protected":false},"excerpt":{"rendered":"<p>Emerson Urizzi Cervi E-mail:\u00a0ecervi7@gmail.com Curr\u00edculo Lattes Telefone:\u00a0(41) 3360-5065 Doutor em Ci\u00eancia Pol\u00edtica (Iuperj, 2006) Professor associado do Departamento de Ci\u00eancia Pol\u00edtica; professor permanente do programa de p\u00f3s-gradua\u00e7\u00e3o em Ci\u00eancia Pol\u00edtica e do programa de p\u00f3s-gradua\u00e7\u00e3o [&hellip;]<\/p>\n","protected":false},"author":20,"featured_media":0,"parent":0,"menu_order":0,"comment_status":"closed","ping_status":"closed","template":"","meta":{"footnotes":""},"class_list":["post-336","page","type-page","status-publish","hentry"],"_links":{"self":[{"href":"https:\/\/cienciapolitica.ufpr.br\/decp\/wp-json\/wp\/v2\/pages\/336","targetHints":{"allow":["GET"]}}],"collection":[{"href":"https:\/\/cienciapolitica.ufpr.br\/decp\/wp-json\/wp\/v2\/pages"}],"about":[{"href":"https:\/\/cienciapolitica.ufpr.br\/decp\/wp-json\/wp\/v2\/types\/page"}],"author":[{"embeddable":true,"href":"https:\/\/cienciapolitica.ufpr.br\/decp\/wp-json\/wp\/v2\/users\/20"}],"replies":[{"embeddable":true,"href":"https:\/\/cienciapolitica.ufpr.br\/decp\/wp-json\/wp\/v2\/comments?post=336"}],"version-history":[{"count":7,"href":"https:\/\/cienciapolitica.ufpr.br\/decp\/wp-json\/wp\/v2\/pages\/336\/revisions"}],"predecessor-version":[{"id":339,"href":"https:\/\/cienciapolitica.ufpr.br\/decp\/wp-json\/wp\/v2\/pages\/336\/revisions\/339"}],"wp:attachment":[{"href":"https:\/\/cienciapolitica.ufpr.br\/decp\/wp-json\/wp\/v2\/media?parent=336"}],"curies":[{"name":"wp","href":"https:\/\/api.w.org\/{rel}","templated":true}]}}