{"id":328,"date":"2018-01-11T10:48:09","date_gmt":"2018-01-11T12:48:09","guid":{"rendered":"https:\/\/cienciapolitica.ufpr.br\/decp\/?page_id=328"},"modified":"2020-07-23T14:16:44","modified_gmt":"2020-07-23T17:16:44","slug":"bruno-bolognesi","status":"publish","type":"page","link":"https:\/\/cienciapolitica.ufpr.br\/decp\/bruno-bolognesi\/","title":{"rendered":"Bruno Bolognesi"},"content":{"rendered":"<p><span style=\"color: #000000;font-size: medium\"><span style=\"font-family: arial, sans-serif\"><b>Bruno Bolognesi<\/b><\/span><\/span><\/p>\n<p><span style=\"color: #000000\"><img decoding=\"async\" class=\"alignnone size-full wp-image-98\" src=\"https:\/\/cienciapolitica.ufpr.br\/decp\/wp-content\/uploads\/sites\/3\/2017\/02\/Bruno-1.jpg\" alt=\"\" width=\"150\" height=\"150\" \/><\/span><\/p>\n<p><span style=\"color: #000000\"><span style=\"font-family: arial, sans-serif\"><span style=\"font-size: medium\"><b>E-mail:\u00a0<\/b><\/span><\/span><a style=\"color: #000000\" href=\"mailto:brunobolognesi@gmail.com\"><span style=\"font-family: arial, sans-serif\"><span style=\"font-size: medium\"><b>brunobolognesi@gmail.com<\/b><\/span><\/span><\/a><span style=\"font-family: arial, sans-serif\"><span style=\"font-size: medium\"><br \/>\n<\/span><\/span><a style=\"color: #000000\" href=\"http:\/\/buscatextual.cnpq.br\/buscatextual\/visualizacv.do?id=K4525843H9\">Curr\u00edculo Lattes<\/a><span style=\"font-family: arial, sans-serif\"><span style=\"font-size: medium\"><b><br \/>\n<\/b><\/span><\/span><span style=\"font-family: arial, sans-serif\"><span style=\"font-size: medium\"><b>Telefone:\u00a0<\/b><\/span><\/span><span style=\"font-family: arial, sans-serif\"><span style=\"font-size: medium\">(41) 3360-5065<br \/>\n<\/span><\/span><\/span><\/p>\n<p><span style=\"font-family: arial, sans-serif;color: #000000;font-size: medium\"><strong><b>Doutor em Ci\u00eancia Pol\u00edtica (UFSCar, 2013)<\/b><\/strong><\/span><\/p>\n<p align=\"justify\"><span style=\"color: #000000\">Cientista pol\u00edtico, professor na Universidade Federal do Paran\u00e1 (UFPR). Doutorou-se em 2013 na Universidade Federal de S\u00e3o Carlos (UFSCar) com est\u00e1gio doutoral na University of Oxford. Foi academic visitor no Latin American Centre durante afastamento para p\u00f3s-doutorado tamb\u00e9m na University of Oxford (2019-2020). Coordena o Laborat\u00f3rio de Partidos e Sistemas Partid\u00e1rios (LAPeS &#8211; www.lapesufpr.com.br) e \u00e9 editor associado da Revista de Sociologia e Pol\u00edtica. <\/span><\/p>\n<p align=\"justify\"><span style=\"color: #000000;font-size: medium\"><span style=\"font-family: arial, sans-serif\">He is a political scientist, professor at the Federal University of Paran\u00e1 (UFPR). He holds a doctorate in Political Science from the Federal University of S\u00e3o Carlos (UFSCar) and a Masters in Political Sociology from the Federal University of Paran\u00e1 (UFPR). He received a PhD from the University of Oxford. He coordinates the Laboratory of Political Parties and Party Systems (LAPeS), ie a researcher at the Nucleus of Research in Brazilian Political Sociology (NUSP\/UFPR) and the Latin American Political Parties Study Center (NEPLA\/UFSCar). Acts as associate editor of the &#8216;Journal of Sociology and Politics&#8217;. His main research themes are: political parties, party organization, party system, candidate selection, political recruitment, political elites.<\/span><\/span><\/p>\n<p><span style=\"color: #000000\"><strong><span style=\"font-family: arial, sans-serif\"><span style=\"font-size: medium\"><span lang=\"en-US\"><b>Linha de pesquisa<\/b><\/span><\/span><\/span><\/strong><span style=\"font-family: arial, sans-serif\"><span style=\"font-size: medium\"><span lang=\"en-US\">: Institui\u00e7\u00f5es pol\u00edticas; Elites pol\u00edticas.<\/span><\/span><\/span><\/span><\/p>\n<p><span style=\"color: #000000;font-size: medium\"><span style=\"font-family: arial, sans-serif\"><b>Principais temas de pesquisa: <\/b><\/span><\/span><\/p>\n<p><span style=\"color: #000000;font-size: medium\"><span style=\"font-family: arial, sans-serif\">&#8211; Partidos Pol\u00edticos;<br \/>\n&#8211; Sistemas de Partidos;<br \/>\n&#8211; Institui\u00e7\u00f5es Pol\u00edticas;<br \/>\n&#8211; Sele\u00e7\u00e3o de Candidatos,;<br \/>\n&#8211; Survey.<\/span><\/span><\/p>\n<p>&nbsp;<\/p>\n<p><span style=\"color: #000000;font-size: medium\"><span style=\"font-family: arial, sans-serif\"><b>Principais <\/b><b>publica\u00e7\u00f5es:<\/b><\/span><\/span><\/p>\n<p align=\"justify\"><span style=\"color: #000000;font-size: medium\"><span style=\"font-family: arial, sans-serif\">BOLOGNESI, BRUNO; PERISSINOTTO, RENATO MONSEFF ; CODATO, Adriano. Reclutamiento pol\u00edtico en Brasil Mujeres, negros y partidos en las elecciones federales de 2014. <b>Revista Mexicana de Ciencias Pol\u00edticas y Sociales<\/b>, v. 61, p. 247-278, 2016.<\/span><\/span><\/p>\n<p align=\"justify\"><span style=\"color: #000000;font-size: medium\"><span style=\"font-family: arial, sans-serif\">BOLOGNESI, Bruno; PERISSINOTTO, R. M. . O uso do survey no estudo do recrutamento pol\u00edtico. In: Renato Perissinotto; Adriano Codato. (Org.). <b>Como estudar elites<\/b>. 1ed.Curitiba: Editora UFPR, 2015, v. 1, p. 33-62.<\/span><\/span><\/p>\n<p align=\"justify\"><span style=\"color: #000000;font-size: medium\"><span style=\"font-family: arial, sans-serif\">BOLOGNESI, Bruno; COSTA, L. D. O sistema partid\u00e1rio no Paran\u00e1: do personalismo \u00e0 estrutura\u00e7\u00e3o. <b>Revista Debates (UFRGS)<\/b>, v. 8, p. 221-243, 2014.<\/span><\/span><\/p>\n<p align=\"justify\"><span style=\"color: #000000;font-size: medium\"><span style=\"font-family: arial, sans-serif\">BRAGA, M. S. S. ; BOLOGNESI, Bruno . Dimens\u00f5es do Processo de Sele\u00e7\u00e3o de Candidatos da Classe Pol\u00edtica Brasileira: autopercep\u00e7\u00f5es dos candidatos \u00e0 C\u00e2mara dos Deputados nas elei\u00e7\u00f5es de 2010. In: Andr\u00e9 Marenco dos Santos. (Org.). <b>Os Eleitos: representa\u00e7\u00e3o e carreiras pol\u00edticas em democracias.<\/b> 1ed.Porto Alegre: Editora da UFRGS, 2013, v. , p. 75-106.<\/span><\/span><\/p>\n<p align=\"justify\"><span style=\"color: #000000;font-size: medium\"><span style=\"font-family: arial, sans-serif\">BOLOGNESI, BRUNO. A sele\u00e7\u00e3o de candidaturas no DEM, PMDB, PSDB e PT nas elei\u00e7\u00f5es legislativas federais brasileiras de 2010: percep\u00e7\u00f5es dos candidatos sobre a forma\u00e7\u00e3o das listas. <b>Revista de Sociologia e Pol\u00edtica <\/b>(UFPR. Impresso), v. 21, p. 45-68, 2013.<\/span><\/span><\/p>\n<p align=\"justify\"><span style=\"color: #000000\"><span style=\"font-family: arial, sans-serif\"><span style=\"font-size: medium\"><br \/>\n<\/span><\/span><\/span><\/p>\n","protected":false},"excerpt":{"rendered":"<p>Bruno Bolognesi E-mail:\u00a0brunobolognesi@gmail.com Curr\u00edculo Lattes Telefone:\u00a0(41) 3360-5065 Doutor em Ci\u00eancia Pol\u00edtica (UFSCar, 2013) Cientista pol\u00edtico, professor na Universidade Federal do Paran\u00e1 (UFPR). Doutorou-se em 2013 na Universidade Federal de S\u00e3o Carlos (UFSCar) com est\u00e1gio doutoral [&hellip;]<\/p>\n","protected":false},"author":20,"featured_media":0,"parent":0,"menu_order":0,"comment_status":"closed","ping_status":"closed","template":"","meta":{"footnotes":""},"class_list":["post-328","page","type-page","status-publish","hentry"],"_links":{"self":[{"href":"https:\/\/cienciapolitica.ufpr.br\/decp\/wp-json\/wp\/v2\/pages\/328","targetHints":{"allow":["GET"]}}],"collection":[{"href":"https:\/\/cienciapolitica.ufpr.br\/decp\/wp-json\/wp\/v2\/pages"}],"about":[{"href":"https:\/\/cienciapolitica.ufpr.br\/decp\/wp-json\/wp\/v2\/types\/page"}],"author":[{"embeddable":true,"href":"https:\/\/cienciapolitica.ufpr.br\/decp\/wp-json\/wp\/v2\/users\/20"}],"replies":[{"embeddable":true,"href":"https:\/\/cienciapolitica.ufpr.br\/decp\/wp-json\/wp\/v2\/comments?post=328"}],"version-history":[{"count":6,"href":"https:\/\/cienciapolitica.ufpr.br\/decp\/wp-json\/wp\/v2\/pages\/328\/revisions"}],"predecessor-version":[{"id":799,"href":"https:\/\/cienciapolitica.ufpr.br\/decp\/wp-json\/wp\/v2\/pages\/328\/revisions\/799"}],"wp:attachment":[{"href":"https:\/\/cienciapolitica.ufpr.br\/decp\/wp-json\/wp\/v2\/media?parent=328"}],"curies":[{"name":"wp","href":"https:\/\/api.w.org\/{rel}","templated":true}]}}