{"id":317,"date":"2018-01-11T10:21:32","date_gmt":"2018-01-11T12:21:32","guid":{"rendered":"https:\/\/cienciapolitica.ufpr.br\/decp\/?page_id=317"},"modified":"2020-07-23T14:26:49","modified_gmt":"2020-07-23T17:26:49","slug":"adriano","status":"publish","type":"page","link":"https:\/\/cienciapolitica.ufpr.br\/decp\/adriano\/","title":{"rendered":"Adriano Nervo Codato"},"content":{"rendered":"<p><span style=\"color: #000000\"><span style=\"font-family: arial, sans-serif\"><span style=\"font-size: medium\"><b>A<\/b><b>driano Nervo Codato<\/b><\/span><\/span><\/span><\/p>\n<p><img decoding=\"async\" class=\"alignnone size-full wp-image-96\" src=\"https:\/\/cienciapolitica.ufpr.br\/decp\/wp-content\/uploads\/sites\/3\/2017\/02\/Adriano.jpg\" alt=\"\" width=\"150\" height=\"150\" \/><\/p>\n<p><span style=\"color: #000000\"><span style=\"font-family: arial, sans-serif\"><span style=\"font-size: medium\"><b>E-mail:<\/b><\/span><\/span><span style=\"font-family: arial, sans-serif\"><span style=\"font-size: medium\"><u><a style=\"color: #000000\" href=\"mailto:adriano@ufpr.br\">adriano@ufpr.br<\/a><\/u><\/span><\/span><span style=\"font-family: arial, sans-serif\"><span style=\"font-size: medium\"><br \/>\n<\/span><\/span><a style=\"color: #000000\" href=\"http:\/\/buscatextual.cnpq.br\/buscatextual\/visualizacv.do?id=K4784142T7\"><span style=\"font-family: arial, sans-serif\"><span style=\"font-size: medium\"><b>Curr\u00edculo Lattes<\/b><\/span><\/span><\/a><span style=\"font-family: arial, sans-serif\"><span style=\"font-size: medium\"><br \/>\n<\/span><\/span><span style=\"font-family: arial, sans-serif\"><span style=\"font-size: medium\"><b>Telefone:\u00a0<\/b><\/span><\/span><span style=\"font-family: arial, sans-serif\"><span style=\"font-size: medium\"><span style=\"color: #000000\">(41) 3360-5065<\/span><br \/>\n<\/span><\/span><\/span><\/p>\n<p><span style=\"color: #333333\"><span style=\"font-family: Arial, serif\"><span style=\"font-size: xx-small\"><strong><span style=\"color: #000000\"><span style=\"font-family: arial, sans-serif\"><span style=\"font-size: medium\"><b>Doutor em Ci\u00eancia Pol\u00edtica (U<\/b><\/span><\/span><\/span><\/strong><strong><span style=\"color: #000000\"><span style=\"font-family: arial, sans-serif\"><span style=\"font-size: medium\"><b>nicamp<\/b><\/span><\/span><\/span><\/strong><strong><span style=\"color: #000000\"><span style=\"font-family: arial, sans-serif\"><span style=\"font-size: medium\"><b>, 200<\/b><\/span><\/span><\/span><\/strong><strong><span style=\"color: #000000\"><span style=\"font-family: arial, sans-serif\"><span style=\"font-size: medium\"><b>8<\/b><\/span><\/span><\/span><\/strong><strong><span style=\"color: #000000\"><span style=\"font-family: arial, sans-serif\"><span style=\"font-size: medium\"><b>)<\/b><\/span><\/span><\/span><\/strong><\/span><\/span><\/span><\/p>\n<p align=\"justify\"><span style=\"color: #000000\"><span style=\"font-family: arial, sans-serif\"><span style=\"font-size: medium\">Adriano Codato \u00e9 graduado em Ci\u00eancias Sociais (com \u00eanfase\u00a0 em Ci\u00eancia Pol\u00edtica), Mestre em Ci\u00eancia Pol\u00edtica e Doutor em Ci\u00eancia Pol\u00edtica, sempre pela Universidade Estadual de Campinas (UNICAMP). Professor associado de Ci\u00eancia Pol\u00edtica na Universidade Federal do Paran\u00e1 (UFPR), \u00e9 fundador e editor da Revista de Sociologia e Pol\u00edtica (www.scielo.br\/rsocp), pesquisador do Conselho Nacional de Desenvolvimento Cient\u00edfico e Tecnol\u00f3gico (CNPq) e um dos coordenadores do N\u00facleo de Pesquisa em Sociologia Pol\u00edtica Brasileira da UFPR. Atua no Programa de P\u00f3s-Gradua\u00e7\u00e3o em Ci\u00eancia Pol\u00edtica e no Programa de P\u00f3s-Gradua\u00e7\u00e3o em Pol\u00edticas P\u00fablicas na UFPR. \u00c9 membro titular de Flacso Espanha e realizou est\u00e1gio de p\u00f3s-doutorado no Centre europ\u00e9en de sociologie et de science politique de la Sorbonne (CESSP-Paris) em 2015-2016. Atualmente, dedica-se ao estudo dos processos de recrutamento da classe pol\u00edtica brasileira e coordena o Observatory of social and political elites of Brazil (http:\/\/observatory-elites.org\/) e participa do Laborat\u00f3rio de An\u00e1lise do Campo Cient\u00edfico (LaCC &#8211; UFPR). Integrou a Comiss\u00e3o da Mem\u00f3ria e da Verdade da UFPR (2013-2014); coordenou o Semin\u00e1rio Tem\u00e1tico da Associa\u00e7\u00e3o Nacional de P\u00f3s-Gradua\u00e7\u00e3o e Pesquisa em Ci\u00eancias Sociais (ANPOCS) Elites e Espa\u00e7os de Poder (2013-2015) e a \u00c1rea Tem\u00e1tica de Sociologia Pol\u00edtica da Associa\u00e7\u00e3o Brasileira de Ci\u00eancia Pol\u00edtica (ABCP) (2016). Possui dois livros publicados: Sistema estatal e pol\u00edtica econ\u00f4mica no Brasil p\u00f3s-64. S\u00e3o Paulo: Hucitec, 1997 (Pr\u00eamio Jos\u00e9 Albertino Rodrigues na categoria melhor Disserta\u00e7\u00e3o de Mestrado, conferido pela Associa\u00e7\u00e3o Nacional de P\u00f3s-Gradua\u00e7\u00e3o e Pesquisa em Ci\u00eancias Sociais (ANPOCS) em 1996) e Marxismo como ci\u00eancia social. Curitiba: Editora UFPR, 2011 (Pr\u00eamio ANPOCS para melhor Obra Cient\u00edfica de Ci\u00eancias Sociais em 2012). Seus temas de pesquisa incluem os seguintes assuntos: regimes pol\u00edticos ditatoriais; elites estatais; classe pol\u00edtica; carreiras pol\u00edticas; profissionaliza\u00e7\u00e3o pol\u00edtica.<\/span><\/span><\/span><a name=\"tw-target-text\"><\/a><\/p>\n<p align=\"justify\"><span style=\"color: #000000\">Codato Adriano graduated in Social Sciences (with emphasis in Political Science), Master in Political Science and Doctor in Political Science, always by the State University of Campinas (UNICAMP). Associate Professor of Political Science at the Federal University of Paran\u00e1 (UFPR), is a founder and editor of the Revista de Sociologia e Pol\u00edtica (www.scielo.br\/rsocp), researcher at the National Council for Scientific and Technological Development (CNPq) and one of the coordinators of the Nucleus of Research in Brazilian Political Sociology <\/span><span style=\"color: #000000\">of UFPR. He works in the Graduate Program in Political Science and in the Post-Graduate Program in Public Policies at UFPR. He is a full member of Flacso Spain and holds post-doctoral training at the Sorbonne European Center for Sociology and Science Policy (CESSP-Paris) in 2015-2016. Currently, he is dedicated to the study of the recruitment processes of the Brazilian political class and coordinates\u00a0<\/span><span style=\"color: #000000\">the Observatory of social and political elites of Brazil (http:\/\/observatory-elites.org\/) and participates in the Laboratory of Analysis of the Scientific Field (LaCC &#8211; UFPR). He was a member of the UFPR Memory and Truth Commission (2013-2014); coordinated the Thematic Seminar of the National Association of Graduate Studies and Research in Social Sciences (ANPOCS) Elites and Spaces of Power (2013-2015) and the Thematic Area of Political Sociology of the Brazilian Association of Political Science (ABCP) (2016). Has two published books: State system and economic policy in Brazil post-64. S\u00e3o Paulo: Hucitec, 1997 (Jos\u00e9 Albertino Rodrigues Prize in the best Master Dissertation category conferred by the National Association of Graduate Studies and Research in Social Sciences (ANPOCS) in 1996) and Marxism as a social science. Curitiba: Editora UFPR, 2011 (ANPOCS Award for best Scientific Work of Social Sciences in 2012). His research topics include the following subjects: dictatorial political regimes; state elites; political class; political careers; political professionalization.<\/span><\/p>\n<p><span style=\"color: #000000\"><span style=\"font-family: arial, sans-serif\"><span style=\"font-size: medium\"><b>Linha de pesquisa: <\/b>Elites pol\u00edticas<\/span><\/span><\/span><\/p>\n<p><span style=\"color: #000000\"><span style=\"font-family: arial, sans-serif\"><span style=\"font-size: medium\"><b>Principais temas de pesquisa: <\/b><\/span><\/span><\/span><\/p>\n<p><span style=\"color: #000000\"><span style=\"font-family: arial, sans-serif\"><span style=\"font-size: medium\">&#8211; Elites Estatais;<\/span><\/span><\/span><\/p>\n<p><span style=\"color: #000000\"><span style=\"font-family: arial, sans-serif\"><span style=\"font-size: medium\">&#8211; Classe Pol\u00edtica;<\/span><\/span><\/span><\/p>\n<p><span style=\"color: #000000\"><span style=\"font-family: arial, sans-serif\"><span style=\"font-size: medium\">&#8211; Carreiras Pol\u00edticas;<\/span><\/span><\/span><\/p>\n<p><span style=\"color: #000000\"><span style=\"font-family: arial, sans-serif\"><span style=\"font-size: medium\">&#8211; Profissionaliza\u00e7\u00e3o Pol\u00edtica.<\/span><\/span><\/span><\/p>\n<p align=\"justify\"><span style=\"color: #000000\"><span style=\"font-family: arial, sans-serif\"><span style=\"font-size: medium\"><b>Principais publica\u00e7\u00f5es:<\/b><\/span><\/span><\/span><\/p>\n<p lang=\"en-US\"><span style=\"font-family: Arial, sans-serif;color: #000000\"><span style=\"font-size: medium\">CODATO, A., PERISSINOTTO, R., DANTAS, E. G., and CAVALIERI, M. 2019. \u2018La connexion financi\u00e8re: le pantouflage dans la Banque centrale du Br\u00e9sil\u2019, <i><b>Gouvernement et action publique<\/b><\/i>. Paris, 8(1). <\/span><\/span><\/p>\n<p lang=\"en-US\"><span style=\"font-family: Arial, sans-serif;color: #000000\"><span style=\"font-size: medium\">CODATO, A. 2019. \u2018\u201cDisseram que eu voltei americanizada\u201d: trajet\u00f3ria e hist\u00f3ria da <i>Revista de Sociologia e Pol\u00edtica<\/i>\u2019, <b>Revista de Sociologia e Pol\u00edtica.<\/b> Curitiba, 27(67).<\/span><\/span><\/p>\n<p lang=\"en-US\"><span style=\"font-family: Arial, sans-serif;color: #000000\"><span style=\"font-size: medium\">BOLOGNESI , Bruno; COSTA, Luiz Domingos; CODATO, Adriano. 2019. El PT de Brasil: un partido de trabajadores sin trabajadores. <strong><i>Am\u00e9rica Latina Hoy<\/i><\/strong>, Salamanca.<\/span><\/span><\/p>\n<p lang=\"en-US\"><span style=\"color: #000000\"><span style=\"font-family: Arial, sans-serif\"><span style=\"font-size: medium\">CODATO, A. and SPINOZA, F. (eds.). 2018. <i>\u00c9lites en las Am\u00e9ricas: diferentes perspectivas<\/i> [Elites in the Americas: Different Perspectives]. Buenos Aires: <strong>Ediciones UNGS<\/strong>; Curitiba: Editora UFPR.<\/span><\/span><\/span><\/p>\n<p lang=\"en-US\"><span style=\"color: #000000\"><span style=\"font-family: Arial, sans-serif\">CODATO, A., BERLATTO, F. and BOLOGNESI, B. 2018. \u2018Tipologia dos pol\u00edticos de direita no Brasil: uma classifica\u00e7\u00e3o emp\u00edrica\u2019 [A typology of right-wing politicians in Brazil: an attempt toward empirical classification], <strong>An\u00e1lise Social.<\/strong> Lisboa, 53(4), pp. 870-897.<\/span><\/span><\/p>\n<p lang=\"en-US\"><span style=\"color: #000000\"><span style=\"font-family: Arial, sans-serif\">CODATO, A. and FRANZ, P. 2018. \u2018Technical-ministers and political-ministers during the PSDB and PT presidencies\u2019, <strong>Revista de Administra\u00e7\u00e3o P\u00fablica.<\/strong> Rio de Janeiro, 52(5), pp. 776-796.<\/span><\/span><\/p>\n<p lang=\"en-US\"><span style=\"color: #000000\"><span style=\"font-family: Arial, sans-serif\">CARLOMAGNO, M. and CODATO, A., 2018. \u2018Profiss\u00e3o, sexo e dinheiro: mensura\u00e7\u00e3o da acumula\u00e7\u00e3o de desigualdades na competi\u00e7\u00e3o eleitoral Brasileira\u2019 [Profession, Sex and Money: a Measurement of the Accumulation of Inequalities in Electoral Competition in Brazil]. <strong><i>Colombia Internacional<\/i><\/strong>, Bogot\u00e1, (95), pp.79\u2013107. <\/span><\/span><\/p>\n<p align=\"justify\"><span style=\"color: #000000\"><span style=\"font-family: arial, sans-serif\"><span style=\"font-size: medium\">BOLOGNESI, Bruno ; PERISSINOTTO, Renato Monseff ; CODATO, Adriano. Reclutamiento pol\u00edtico en Brasil Mujeres, negros y partidos en las elecciones federales de 2014. <b>Revista Mexicana de Ciencias Pol\u00edticas y Sociales<\/b>, v. 61, p. 247-278, 2016.<\/span><\/span><\/span><\/p>\n<p align=\"justify\"><span style=\"color: #000000\"><span style=\"font-family: arial, sans-serif\"><span style=\"font-size: medium\">CODATO, Adriano; CAVALIERI, M. A. ; PERISSINOTTO, Renato Monseff ; Dantas, Eric Gil . Economic Mainstream and Power: A Profile Analysis of Central Bank Directors During the PSDB and PT Governments In Brazil. <b>Nova Economia<\/b> <b>(UFMG. Impresso)<\/b>, v. 26, p. 333-355, 2016.<\/span><\/span><\/span><\/p>\n<p align=\"justify\"><span style=\"color: #000000\"><span style=\"font-family: arial, sans-serif\"><span style=\"font-size: medium\">CODATO, Adriano; COSTA, Luiz Domingos ; MASSIMO, Lucas ; HEINZ, Fl\u00e1vio Madureira . Regime pol\u00edtico e recrutamento parlamentar: um retrato coletivo dos senadores brasileiros antes e depois da ditadura. <b>Revista de Sociologia e Pol\u00edtica (Online)<\/b>, v. 24, p. 47-68, 2016.<\/span><\/span><\/span><\/p>\n<p align=\"justify\"><span style=\"color: #000000\"><span style=\"font-family: arial, sans-serif\"><span style=\"font-size: medium\">CODATO, Adriano. Estado Novo no Brasil: Um Estudo da Din\u00e2mica das Elites Pol\u00edticas Regionais em Contexto Autorit\u00e1rio. <b>Dados (Rio de Janeiro)<\/b>, v. 58, p. 305-330, 2015.<\/span><\/span><\/span><\/p>\n<p lang=\"en-US\"><span style=\"font-family: 'Palatino Linotype', serif;color: #000000\"><span style=\"font-family: Arial, sans-serif\"><span style=\"font-size: medium\">P<\/span><\/span><span style=\"font-family: Arial, sans-serif\"><span style=\"font-size: medium\">ERISSINOTTO<\/span><\/span><span style=\"font-family: Arial, sans-serif\"><span style=\"font-size: medium\">, R. and C<\/span><\/span><span style=\"font-family: Arial, sans-serif\"><span style=\"font-size: medium\">ODATO<\/span><\/span><span style=\"font-family: Arial, sans-serif\"><span style=\"font-size: medium\">, A. (eds.). 2015. <\/span><\/span><strong><span style=\"font-family: Arial, sans-serif\"><span style=\"font-size: medium\">Como estudar elites<\/span><\/span><\/strong> <span style=\"font-family: Arial, sans-serif\"><span style=\"font-size: medium\">[<\/span><\/span><span style=\"font-family: Arial, sans-serif\"><span style=\"font-size: medium\"><i>How to study elites<\/i><\/span><\/span><span style=\"font-family: Arial, sans-serif\"><span style=\"font-size: medium\">]<\/span><\/span><span style=\"font-family: Arial, sans-serif\"><span style=\"font-size: medium\">. Curitiba: Editora UFPR. <\/span><\/span><u><a style=\"color: #000000\" href=\"http:\/\/bit.ly\/2T11Bpp\"><span style=\"font-family: Arial, sans-serif\"><span style=\"font-size: medium\">http:\/\/bit.ly\/2T11Bpp<\/span><\/span><\/a><\/u> <\/span><\/p>\n<p align=\"justify\"><span style=\"color: #000000\"><span style=\"font-family: arial, sans-serif\"><span style=\"font-size: medium\">CODATO, Adriano. Classe pol\u00edtica e regime autorit\u00e1rio: os advogados do Estado Novo em S\u00e3o Paulo. <b>Revista Brasileira de Ci\u00eancias Sociais<\/b>, v. 29, p. 145-163, 2014.<\/span><\/span><\/span><\/p>\n","protected":false},"excerpt":{"rendered":"<p>Adriano Nervo Codato E-mail:adriano@ufpr.br Curr\u00edculo Lattes Telefone:\u00a0(41) 3360-5065 Doutor em Ci\u00eancia Pol\u00edtica (Unicamp, 2008) Adriano Codato \u00e9 graduado em Ci\u00eancias Sociais (com \u00eanfase\u00a0 em Ci\u00eancia Pol\u00edtica), Mestre em Ci\u00eancia Pol\u00edtica e Doutor em Ci\u00eancia Pol\u00edtica, [&hellip;]<\/p>\n","protected":false},"author":20,"featured_media":0,"parent":0,"menu_order":0,"comment_status":"closed","ping_status":"closed","template":"","meta":{"footnotes":""},"class_list":["post-317","page","type-page","status-publish","hentry"],"_links":{"self":[{"href":"https:\/\/cienciapolitica.ufpr.br\/decp\/wp-json\/wp\/v2\/pages\/317","targetHints":{"allow":["GET"]}}],"collection":[{"href":"https:\/\/cienciapolitica.ufpr.br\/decp\/wp-json\/wp\/v2\/pages"}],"about":[{"href":"https:\/\/cienciapolitica.ufpr.br\/decp\/wp-json\/wp\/v2\/types\/page"}],"author":[{"embeddable":true,"href":"https:\/\/cienciapolitica.ufpr.br\/decp\/wp-json\/wp\/v2\/users\/20"}],"replies":[{"embeddable":true,"href":"https:\/\/cienciapolitica.ufpr.br\/decp\/wp-json\/wp\/v2\/comments?post=317"}],"version-history":[{"count":10,"href":"https:\/\/cienciapolitica.ufpr.br\/decp\/wp-json\/wp\/v2\/pages\/317\/revisions"}],"predecessor-version":[{"id":808,"href":"https:\/\/cienciapolitica.ufpr.br\/decp\/wp-json\/wp\/v2\/pages\/317\/revisions\/808"}],"wp:attachment":[{"href":"https:\/\/cienciapolitica.ufpr.br\/decp\/wp-json\/wp\/v2\/media?parent=317"}],"curies":[{"name":"wp","href":"https:\/\/api.w.org\/{rel}","templated":true}]}}