{"id":153,"date":"2017-11-08T11:26:18","date_gmt":"2017-11-08T13:26:18","guid":{"rendered":"https:\/\/cienciapolitica.ufpr.br\/decp\/?page_id=153"},"modified":"2025-09-02T12:36:02","modified_gmt":"2025-09-02T15:36:02","slug":"corpo-docente-2","status":"publish","type":"page","link":"https:\/\/cienciapolitica.ufpr.br\/decp\/corpo-docente-2\/","title":{"rendered":"Docentes"},"content":{"rendered":"\n<p><span style=\"color: #000000\"><img decoding=\"async\" class=\"alignnone size-full wp-image-228\" src=\"https:\/\/cienciapolitica.ufpr.br\/decp\/wp-content\/uploads\/sites\/3\/2017\/02\/Adriano.jpg\" alt=\"Adriano\" width=\"150\" height=\"150\"><\/span><br>\n<span style=\"color: #000000\"> <strong>Adriano Codato<\/strong><\/span><br>\n<span style=\"color: #000000\"> Doutor em Ci\u00eancia Pol\u00edtica (Unicamp, 2008) <a style=\"color: #000000\" href=\"http:\/\/lattes.cnpq.br\/3926768348141273\" target=\"_blank\" rel=\"noopener noreferrer\">cv lattes<\/a><\/span><br>\n<span style=\"color: #000000\"> adriano@ufpr.br<\/span><br>\n<span style=\"color: #000000\"> <a style=\"color: #000000\" href=\"https:\/\/cienciapolitica.ufpr.br\/decp\/corpo-docente-2\/adriano\/\">Minicurr\u00edculo<\/a><\/span><\/p>\n\n\n\n<p><span style=\"color: #000000\"><img decoding=\"async\" class=\"alignnone size-full wp-image-278\" src=\"https:\/\/cienciapolitica.ufpr.br\/decp\/wp-content\/uploads\/sites\/3\/2017\/02\/alexsandro.jpg\" alt=\"alexsandro\" width=\"150\" height=\"150\"><\/span><br>\n<span style=\"color: #000000\"> <strong>Alexsandro Pereira<\/strong><\/span><br>\n<span style=\"color: #000000\"> Doutor em Ci\u00eancia Pol\u00edtica (USP, 2003) <a style=\"color: #000000\" href=\"http:\/\/lattes.cnpq.br\/5016812257747289\" target=\"_blank\" rel=\"noopener noreferrer\">cv lattes<\/a><\/span><br>\n<span style=\"color: #000000\"> alexsep@ufpr.br<\/span><br>\n<span style=\"color: #000000\"> <a style=\"color: #000000\" href=\"https:\/\/cienciapolitica.ufpr.br\/decp\/corpo-docente-2\/alexsandro-eugenio-pereira\/\">Minicurr\u00edculo<\/a><\/span><\/p>\n\n\n\n<p><span style=\"color: #000000\"><img decoding=\"async\" class=\"alignnone size-full wp-image-278\" src=\"https:\/\/cienciapolitica.ufpr.br\/decp\/wp-content\/uploads\/sites\/3\/2017\/02\/Bruno-1.jpg\" alt=\"alexsandro\" width=\"150\" height=\"150\"><\/span><br>\n<span style=\"color: #000000\"> <strong>Bruno Bolognesi<\/strong><\/span><br>\n<span style=\"color: #000000\"> Doutor em Ci\u00eancia Pol\u00edtica (UFSCAR, 2013) <a style=\"color: #000000\" href=\"http:\/\/buscatextual.cnpq.br\/buscatextual\/visualizacv.do?id=K4525843H9\" target=\"_blank\" rel=\"noopener noreferrer\">cv lattes<\/a><\/span><br>\n<span style=\"color: #000000\"> brunobolognesi@gmail.com<\/span><br>\n<span style=\"color: #000000\"> <a style=\"color: #000000\" href=\"https:\/\/cienciapolitica.ufpr.br\/decp\/bruno-bolognesi\/\">Minicurr\u00edculo<\/a><\/span><\/p>\n\n\n\n<p><span style=\"color: #000000\"><img loading=\"lazy\" decoding=\"async\" class=\"alignnone size-thumbnail wp-image-791\" src=\"https:\/\/cienciapolitica.ufpr.br\/decp\/wp-content\/uploads\/sites\/3\/2018\/01\/prof-emerson-150x150.png\" alt=\"\" width=\"150\" height=\"150\"><\/span><br>\n<span style=\"color: #000000\"> <strong>Emerson Urizzi Cervi<\/strong><\/span><br>\n<span style=\"color: #000000\"> Doutor em Ci\u00eancia Pol\u00edtica (Iuperj, 2006) <a style=\"color: #000000\" href=\"http:\/\/lattes.cnpq.br\/9196373186050152\" target=\"_blank\" rel=\"noopener noreferrer\">cv lattes<\/a><\/span><br>\n<span style=\"color: #000000\"> ecervi7@gmail.com<\/span><br>\n<span style=\"color: #000000\"> <a style=\"color: #000000\" href=\"https:\/\/cienciapolitica.ufpr.br\/decp\/emerson-urizzi-cervi\/\">Minicurr\u00edculo<\/a><\/span><\/p>\n\n\n\n<p><span style=\"color: #000000\"><img loading=\"lazy\" decoding=\"async\" class=\"alignnone size-thumbnail wp-image-791\" src=\"https:\/\/cienciapolitica.ufpr.br\/decp\/wp-content\/uploads\/sites\/3\/2025\/09\/graziella-150x150.jpg\" alt=\"\" width=\"150\" height=\"150\"><\/span><br>\n<span style=\"color: #000000\"> <strong>Graziella Guiotti Testa<\/strong><\/span><br>\n<span style=\"color: #000000\"> Doutora em Ci\u00eancia Pol\u00edtica <a style=\"color: #000000\" href=\"http:\/\/lattes.cnpq.br\/5799718878531848\" target=\"_blank\" rel=\"noopener noreferrer\">cv lattes<\/a><\/span><br>\n<span style=\"color: #000000\"> graziella.testa@ufpr.br<\/span><br>\n<span style=\"color: #000000\"> <a style=\"color: #000000\" href=\"https:\/\/cienciapolitica.ufpr.br\/decp\/graziella-guiotti-testa\/\">Minicurr\u00edculo<\/a><\/span><\/p>\n\n\n\n<p><span style=\"color: #000000\"><img loading=\"lazy\" decoding=\"async\" width=\"150\" height=\"150\" class=\"alignnone size-thumbnail wp-image-791\" src=\"https:\/\/cienciapolitica.ufpr.br\/decp\/wp-content\/uploads\/sites\/3\/2025\/08\/foto-kelly--150x150.jpg\" alt=\"\"><\/span><br> <span style=\"color: #000000\"> <strong>Kelly Prudencio<\/strong><\/span><br> <span style=\"color: #000000\"> Doutora em Sociologia Pol\u00edtica (UFSC, 2006) <a style=\"color: #000000\" href=\"http:\/\/lattes.cnpq.br\/9196373186050152\" target=\"_blank\" rel=\"noopener noreferrer\">cv lattes<\/a><\/span><br> <span style=\"color: #000000\"> <\/span>kellyprudencio@ufpr.br<br> <span style=\"color: #000000\"> <a style=\"color: #000000\" href=\"https:\/\/cienciapolitica.ufpr.br\/decp\/kelly-prudencio\/\">Minicurr\u00edculo<\/a><\/span><\/p>\n\n\n\n<p><span style=\"color: #000000\"><img loading=\"lazy\" decoding=\"async\" class=\"alignnone wp-image-278\" src=\"https:\/\/cienciapolitica.ufpr.br\/decp\/wp-content\/uploads\/sites\/3\/2017\/02\/nelson.png\" alt=\"alexsandro\" width=\"156\" height=\"188\"><\/span><br>\n<span style=\"color: #000000\"> <strong>Nelson R. de Souza<\/strong><\/span><br>\n<span style=\"color: #000000\"> Doutor em Sociologia (USP, 1999) <a style=\"color: #000000\" href=\"http:\/\/lattes.cnpq.br\/4360379713496255\" target=\"_blank\" rel=\"noopener noreferrer\">cv lattes<\/a><\/span><br>\n<span style=\"color: #000000\"> nrdesouza@uol.com.br<\/span><br>\n<span style=\"color: #000000\"> <a style=\"color: #000000\" href=\"https:\/\/cienciapolitica.ufpr.br\/decp\/nelson-rosario-de-souza\/\">Minicurr\u00edculo<\/a><\/span><\/p>\n\n\n\n<p><span style=\"color: #000000\"><img loading=\"lazy\" decoding=\"async\" class=\"alignnone size-full wp-image-278\" src=\"https:\/\/cienciapolitica.ufpr.br\/decp\/wp-content\/uploads\/sites\/3\/2017\/02\/Paulo.jpg\" alt=\"alexsandro\" width=\"150\" height=\"150\"><\/span><br>\n<span style=\"color: #000000\"> <strong>Paulo Roberto Neves Costa<\/strong><\/span><br>\n<span style=\"color: #000000\"> Doutor em Ci\u00eancias Sociais (Unicamp, 2003) <a style=\"color: #000000\" href=\"http:\/\/lattes.cnpq.br\/9505032904934917\" target=\"_blank\" rel=\"noopener noreferrer\">cv lattes<\/a><\/span><br>\n<span style=\"color: #000000\"> paulocostaufpr@gmail.com<\/span><br>\n<span style=\"color: #000000\"> <a style=\"color: #000000\" href=\"https:\/\/cienciapolitica.ufpr.br\/decp\/paulo-roberto-neves-costa\/\">Minicurr\u00edculo<\/a><\/span><\/p>\n\n\n\n<p><span style=\"color: #000000\"><img loading=\"lazy\" decoding=\"async\" class=\"alignnone size-thumbnail wp-image-785\" src=\"https:\/\/cienciapolitica.ufpr.br\/decp\/wp-content\/uploads\/sites\/3\/2018\/01\/Rafael_Sampaio-e1439587422214-1-150x150.jpg\" alt=\"\" width=\"150\" height=\"150\"><\/span><br>\n<span style=\"color: #000000\"> <strong>Rafael Cardoso Sampaio<\/strong><\/span><br>\n<span style=\"color: #000000\"> Doutor em Comunica\u00e7\u00e3o e Cultura Contempor\u00e2neo (UFBA, 2014) <a style=\"color: #000000\" href=\"http:\/\/buscatextual.cnpq.br\/buscatextual\/visualizacv.do?id=K4751627Y9\" target=\"_blank\" rel=\"noopener noreferrer\">cv lattes<\/a><\/span><br>\n<span style=\"color: #000000\"> cardososampaio@gmail.com<\/span><br>\n<span style=\"color: #000000\"> <a style=\"color: #000000\" href=\"https:\/\/cienciapolitica.ufpr.br\/decp\/rafael-cardoso-sampaio\/\">Minicurr\u00edculo<\/a><\/span><\/p>\n\n\n\n<p><span style=\"color: #000000\"><img loading=\"lazy\" decoding=\"async\" class=\"alignnone size-full wp-image-278\" src=\"https:\/\/cienciapolitica.ufpr.br\/decp\/wp-content\/uploads\/sites\/3\/2017\/02\/Sergio.jpg\" alt=\"alexsandro\" width=\"150\" height=\"150\"><\/span><br>\n<span style=\"color: #000000\"> <strong>S\u00e9rgio Braga<\/strong><\/span><br>\n<span style=\"color: #000000\"> Doutor em Desenvolvimento Econ\u00f4mico (Unicamp, 2008) <a style=\"color: #000000\" href=\"http:\/\/lattes.cnpq.br\/7410355460141681\" target=\"_blank\" rel=\"noopener noreferrer\">cv lattes<\/a><\/span><br>\n<span style=\"color: #000000\"> sssbraga@gmail.com<\/span><br>\n<span style=\"color: #000000\"> <a style=\"color: #000000\" href=\"https:\/\/cienciapolitica.ufpr.br\/decp\/sergio-soares-braga\/\">Minicurr\u00edculo<\/a><\/span><\/p>\n\n\n\n<p>&nbsp;<\/p>\n","protected":false},"excerpt":{"rendered":"<p>Adriano Codato Doutor em Ci\u00eancia Pol\u00edtica (Unicamp, 2008) cv lattes adriano@ufpr.br Minicurr\u00edculo Alexsandro Pereira Doutor em Ci\u00eancia Pol\u00edtica (USP, 2003) cv lattes alexsep@ufpr.br Minicurr\u00edculo Bruno Bolognesi Doutor em Ci\u00eancia Pol\u00edtica (UFSCAR, 2013) cv lattes brunobolognesi@gmail.com [&hellip;]<\/p>\n","protected":false},"author":20,"featured_media":0,"parent":0,"menu_order":0,"comment_status":"closed","ping_status":"closed","template":"","meta":{"footnotes":""},"class_list":["post-153","page","type-page","status-publish","hentry"],"_links":{"self":[{"href":"https:\/\/cienciapolitica.ufpr.br\/decp\/wp-json\/wp\/v2\/pages\/153","targetHints":{"allow":["GET"]}}],"collection":[{"href":"https:\/\/cienciapolitica.ufpr.br\/decp\/wp-json\/wp\/v2\/pages"}],"about":[{"href":"https:\/\/cienciapolitica.ufpr.br\/decp\/wp-json\/wp\/v2\/types\/page"}],"author":[{"embeddable":true,"href":"https:\/\/cienciapolitica.ufpr.br\/decp\/wp-json\/wp\/v2\/users\/20"}],"replies":[{"embeddable":true,"href":"https:\/\/cienciapolitica.ufpr.br\/decp\/wp-json\/wp\/v2\/comments?post=153"}],"version-history":[{"count":39,"href":"https:\/\/cienciapolitica.ufpr.br\/decp\/wp-json\/wp\/v2\/pages\/153\/revisions"}],"predecessor-version":[{"id":1809,"href":"https:\/\/cienciapolitica.ufpr.br\/decp\/wp-json\/wp\/v2\/pages\/153\/revisions\/1809"}],"wp:attachment":[{"href":"https:\/\/cienciapolitica.ufpr.br\/decp\/wp-json\/wp\/v2\/media?parent=153"}],"curies":[{"name":"wp","href":"https:\/\/api.w.org\/{rel}","templated":true}]}}