{"id":131,"date":"2017-02-15T14:52:14","date_gmt":"2017-02-15T16:52:14","guid":{"rendered":"https:\/\/cienciapolitica.ufpr.br\/decp\/?page_id=131"},"modified":"2025-02-17T14:49:14","modified_gmt":"2025-02-17T17:49:14","slug":"contatos","status":"publish","type":"page","link":"https:\/\/cienciapolitica.ufpr.br\/decp\/contatos\/","title":{"rendered":"CONTATOS"},"content":{"rendered":"<h3><span style=\"color: #000000\"><strong>Departamento de Ci\u00eancia Pol\u00edtica da UFPR<\/strong><\/span><\/h3>\n<p><span style=\"color: #000000\">Endere\u00e7o: Rua General Carneiro, 460- Ed. Dom Pedro I<\/span><\/p>\n<p><span style=\"color: #000000\">5\u00b0 andar, sala 521 \u2013 Curitiba \u2013 PR<\/span><\/p>\n<p><span style=\"color: #000000\">CEP: 80.060-150<\/span><\/p>\n<p><span style=\"color: #000000\">Telefone: (41) 3360-5233<\/span><\/p>\n<p><span style=\"color: #000000\">E-mail: <a style=\"color: #000000\" href=\"mailto:decp@ufpr.br\">decp@ufpr.br<\/a><\/span><\/p>\n<p><span style=\"color: #000000\">Secret\u00e1ria: Milena Cristina<\/span><\/p>\n<p>Departamento de Ci\u00eancia Pol\u00edtica da UFPR<\/p>\n<p><strong>Hor\u00e1rio de atendimento:<\/strong><\/p>\n<p>&nbsp;<\/p>\n<p><strong>Informamos que no per\u00edodo de 20\/02\/2025 a 28\/02\/2025 a secret\u00e1ria do departamento estar\u00e1 de f\u00e9rias, durante esse per\u00edodo n\u00e3o haver\u00e1 atendimento presencial, atenderemos as solicita\u00e7\u00f5es por e-mail ou sob agendamento.<\/strong><\/p>\n<p>&nbsp;<\/p>\n<p align=\"justify\">Em conformidade com a Portaria UFPR n\u00ba 1.595, de 16 de novembro de 2023, informamos que o DECP aderiu ao Programa de Gest\u00e3o \u2013 Teletrabalho, regulamentado pela\u00a0Resolu\u00e7\u00e3o n\u00ba 16\/22 \u2013 COPLAD\/UFPR.<\/p>\n<p align=\"justify\">Sendo assim, a partir de\u00a0<u><b>21\/11\/2023<\/b><\/u>\u00a0o atendimento da secretaria ocorrer\u00e1 da seguinte forma:<\/p>\n<table width=\"734\" cellspacing=\"0\" cellpadding=\"7\">\n<tbody>\n<tr valign=\"top\">\n<td bgcolor=\"#000000\" width=\"128\">\n<p align=\"center\"><b>SEGUNDA<\/b><\/p>\n<\/td>\n<td bgcolor=\"#000000\" width=\"129\">\n<p align=\"center\"><b>TER\u00c7A<\/b><\/p>\n<\/td>\n<td bgcolor=\"#000000\" width=\"135\">\n<p align=\"center\"><b>QUARTA<\/b><\/p>\n<\/td>\n<td bgcolor=\"#000000\" width=\"135\">\n<p align=\"center\"><b>QUINTA<\/b><\/p>\n<\/td>\n<td bgcolor=\"#000000\" width=\"135\">\n<p align=\"center\"><b>SEXTA<\/b><\/p>\n<\/td>\n<\/tr>\n<tr>\n<td bgcolor=\"#d8d8d8\" width=\"128\" height=\"53\">\n<p align=\"center\">PRESENCIAL<\/p>\n<\/td>\n<td width=\"129\">\n<p align=\"center\">ATENDIMENTO REMOTO<\/p>\n<\/td>\n<td bgcolor=\"#d8d8d8\" width=\"135\">\n<p align=\"center\">PRESENCIAL<\/p>\n<\/td>\n<td width=\"135\">\n<p align=\"center\">ATENDIMENTO REMOTO<\/p>\n<\/td>\n<td width=\"135\">\n<p align=\"center\">ATENDIMENTO REMOTO<\/p>\n<\/td>\n<\/tr>\n<tr>\n<td colspan=\"5\" valign=\"top\" width=\"718\">\n<p align=\"center\">Hor\u00e1rio: 8h30 \u00e0s 11h45 e das 13h15 \u00e0s 17h<\/p>\n<\/td>\n<\/tr>\n<\/tbody>\n<\/table>\n<h3><\/h3>\n<h3><span style=\"color: #000000\">Coordena\u00e7\u00e3o do Curso de Ci\u00eancias Sociais<\/span><\/h3>\n<p><span style=\"color: #000000\">Secret\u00e1ria: Maria Anne<\/span><\/p>\n<p><span style=\"color: #000000\">Endere\u00e7o: Rua General Carneiro, 460, 9\u00ba andar \u2013 Ed. D. Pedro I \u2013 Reitoria<\/span><br \/>\n<span style=\"color: #000000\">Fone: (41) 3360-5085<\/span><br \/>\n<span style=\"color: #000000\">E-mail: csociais@ufpr.br \/ coordcienciassociais@gmail.com<\/span><\/p>\n<h3><\/h3>\n<h3><span style=\"color: #000000\">Curso de Especializa\u00e7\u00e3o em Sociologia Pol\u00edtica<\/span><\/h3>\n<p><span style=\"color: #000000\">E-mail esp.sociologiapolitica.ufpr@gmail.com<\/span><\/p>\n<h3><\/h3>\n<h3><span style=\"color: #000000\">Programa de P\u00f3s-Gradua\u00e7\u00e3o em Ci\u00eancia Pol\u00edtica<\/span><\/h3>\n<p><span style=\"color: #000000\">Secret\u00e1ria: Silvia Renata Sakalauskas<\/span><\/p>\n<p><span style=\"color: #000000\">Endere\u00e7o: Rua General Carneiro, 460 sala 521 &#8211; Ed. D.Pedro I &#8211; Curitiba-PR<\/span><br \/>\n<span style=\"color: #000000\">(41)3360-5233<\/span><br \/>\n<span style=\"color: #000000\">E-mail da Secretaria do Programa: ppgcpufpr@gmail.com<\/span><\/p>\n<h3><\/h3>\n<h3><span style=\"color: #000000\"><strong>Contatos Setor de Ci\u00eancias Humanas.<\/strong><\/span><\/h3>\n<p><strong><span style=\"color: #000000\"><a style=\"color: #000000\" href=\"http:\/\/www.humanas.ufpr.br\/portal\/contato\/\">Clique aqui.<\/a><\/span><\/strong><\/p>\n","protected":false},"excerpt":{"rendered":"<p>Departamento de Ci\u00eancia Pol\u00edtica da UFPR Endere\u00e7o: Rua General Carneiro, 460- Ed. Dom Pedro I 5\u00b0 andar, sala 521 \u2013 Curitiba \u2013 PR CEP: 80.060-150 Telefone: (41) 3360-5233 E-mail: decp@ufpr.br Secret\u00e1ria: Milena Cristina Departamento de [&hellip;]<\/p>\n","protected":false},"author":3,"featured_media":0,"parent":0,"menu_order":0,"comment_status":"closed","ping_status":"closed","template":"","meta":{"footnotes":""},"class_list":["post-131","page","type-page","status-publish","hentry"],"_links":{"self":[{"href":"https:\/\/cienciapolitica.ufpr.br\/decp\/wp-json\/wp\/v2\/pages\/131","targetHints":{"allow":["GET"]}}],"collection":[{"href":"https:\/\/cienciapolitica.ufpr.br\/decp\/wp-json\/wp\/v2\/pages"}],"about":[{"href":"https:\/\/cienciapolitica.ufpr.br\/decp\/wp-json\/wp\/v2\/types\/page"}],"author":[{"embeddable":true,"href":"https:\/\/cienciapolitica.ufpr.br\/decp\/wp-json\/wp\/v2\/users\/3"}],"replies":[{"embeddable":true,"href":"https:\/\/cienciapolitica.ufpr.br\/decp\/wp-json\/wp\/v2\/comments?post=131"}],"version-history":[{"count":17,"href":"https:\/\/cienciapolitica.ufpr.br\/decp\/wp-json\/wp\/v2\/pages\/131\/revisions"}],"predecessor-version":[{"id":1663,"href":"https:\/\/cienciapolitica.ufpr.br\/decp\/wp-json\/wp\/v2\/pages\/131\/revisions\/1663"}],"wp:attachment":[{"href":"https:\/\/cienciapolitica.ufpr.br\/decp\/wp-json\/wp\/v2\/media?parent=131"}],"curies":[{"name":"wp","href":"https:\/\/api.w.org\/{rel}","templated":true}]}}